{"id":91,"date":"2021-02-03T13:27:41","date_gmt":"2021-02-03T12:27:41","guid":{"rendered":"https:\/\/dev.5istelecom.fr\/?page_id=91"},"modified":"2021-12-27T15:32:35","modified_gmt":"2021-12-27T14:32:35","slug":"test","status":"publish","type":"page","link":"https:\/\/dev.5istelecom.fr\/","title":{"rendered":"Accueil"},"content":{"rendered":"\t\t<div data-elementor-type=\"wp-page\" data-elementor-id=\"91\" class=\"elementor elementor-91\" data-elementor-settings=\"[]\">\n\t\t\t\t\t\t<div class=\"elementor-inner\">\n\t\t\t\t\t\t\t<div class=\"elementor-section-wrap\">\n\t\t\t\t\t\t\t<section class=\"elementor-section elementor-top-section elementor-element elementor-element-35ea49d2 elementor-section-boxed elementor-section-height-default elementor-section-height-default\" data-id=\"35ea49d2\" data-element_type=\"section\" data-settings=\"{&quot;background_background&quot;:&quot;classic&quot;,&quot;shape_divider_bottom&quot;:&quot;waves&quot;}\">\n\t\t\t\t\t\t\t<div class=\"elementor-background-overlay\"><\/div>\n\t\t\t\t\t\t<div class=\"elementor-shape elementor-shape-bottom\" data-negative=\"false\">\n\t\t\t<svg xmlns=\"http:\/\/www.w3.org\/2000\/svg\" viewBox=\"0 0 1000 100\" preserveAspectRatio=\"none\">\n\t<path class=\"elementor-shape-fill\" d=\"M421.9,6.5c22.6-2.5,51.5,0.4,75.5,5.3c23.6,4.9,70.9,23.5,100.5,35.7c75.8,32.2,133.7,44.5,192.6,49.7\n\tc23.6,2.1,48.7,3.5,103.4-2.5c54.7-6,106.2-25.6,106.2-25.6V0H0v30.3c0,0,72,32.6,158.4,30.5c39.2-0.7,92.8-6.7,134-22.4\n\tc21.2-8.1,52.2-18.2,79.7-24.2C399.3,7.9,411.6,7.5,421.9,6.5z\"\/>\n<\/svg>\t\t<\/div>\n\t\t\t\t\t<div class=\"elementor-container elementor-column-gap-default\">\n\t\t\t\t\t\t\t<div class=\"elementor-row\">\n\t\t\t\t\t<div class=\"elementor-column elementor-col-100 elementor-top-column elementor-element elementor-element-7844da1c\" data-id=\"7844da1c\" data-element_type=\"column\">\n\t\t\t<div class=\"elementor-column-wrap elementor-element-populated\">\n\t\t\t\t\t\t\t<div class=\"elementor-widget-wrap\">\n\t\t\t\t\t\t<div class=\"elementor-element elementor-element-3f640efb elementor-widget elementor-widget-heading\" data-id=\"3f640efb\" data-element_type=\"widget\" data-widget_type=\"heading.default\">\n\t\t\t\t<div class=\"elementor-widget-container\">\n\t\t\t<h1 class=\"elementor-heading-title elementor-size-default\">T\u00e9l\u00e9communication pour petites, <br>moyennes et grandes entreprises<\/h1>\t\t<\/div>\n\t\t\t\t<\/div>\n\t\t\t\t<div class=\"elementor-element elementor-element-515b7533 elementor-widget__width-initial elementor-fixed elementor-align-right elementor-widget elementor-widget-button\" data-id=\"515b7533\" data-element_type=\"widget\" data-settings=\"{&quot;_position&quot;:&quot;fixed&quot;}\" data-widget_type=\"button.default\">\n\t\t\t\t<div class=\"elementor-widget-container\">\n\t\t\t\t\t<div class=\"elementor-button-wrapper\">\n\t\t\t<a href=\"https:\/\/dev.5istelecom.fr\/index.php\/contact\/\" class=\"elementor-button-link elementor-button elementor-size-md\" role=\"button\">\n\t\t\t\t\t\t<span class=\"elementor-button-content-wrapper\">\n\t\t\t\t\t\t<span class=\"elementor-button-icon elementor-align-icon-right\">\n\t\t\t\t<i aria-hidden=\"true\" class=\"fas fa-envelope\"><\/i>\t\t\t<\/span>\n\t\t\t\t\t\t<span class=\"elementor-button-text\"><\/span>\n\t\t<\/span>\n\t\t\t\t\t<\/a>\n\t\t<\/div>\n\t\t\t\t<\/div>\n\t\t\t\t<\/div>\n\t\t\t\t\t\t<\/div>\n\t\t\t\t\t<\/div>\n\t\t<\/div>\n\t\t\t\t\t\t\t\t<\/div>\n\t\t\t\t\t<\/div>\n\t\t<\/section>\n\t\t\t\t<section class=\"elementor-section elementor-top-section elementor-element elementor-element-16e9b2ee elementor-section-height-min-height elementor-reverse-mobile elementor-reverse-tablet elementor-section-stretched elementor-section-boxed elementor-section-height-default elementor-section-items-middle\" data-id=\"16e9b2ee\" data-element_type=\"section\" data-settings=\"{&quot;background_background&quot;:&quot;classic&quot;,&quot;stretch_section&quot;:&quot;section-stretched&quot;}\">\n\t\t\t\t\t\t\t<div class=\"elementor-background-overlay\"><\/div>\n\t\t\t\t\t\t\t<div class=\"elementor-container elementor-column-gap-default\">\n\t\t\t\t\t\t\t<div class=\"elementor-row\">\n\t\t\t\t\t<div class=\"elementor-column elementor-col-50 elementor-top-column elementor-element elementor-element-5808fed8\" data-id=\"5808fed8\" data-element_type=\"column\">\n\t\t\t<div class=\"elementor-column-wrap elementor-element-populated\">\n\t\t\t\t\t\t\t<div class=\"elementor-widget-wrap\">\n\t\t\t\t\t\t<div class=\"elementor-element elementor-element-6f828967 elementor-widget elementor-widget-image\" data-id=\"6f828967\" data-element_type=\"widget\" data-widget_type=\"image.default\">\n\t\t\t\t<div class=\"elementor-widget-container\">\n\t\t\t\t\t<div class=\"elementor-image\">\n\t\t\t\t\t\t\t\t\t\t<img width=\"683\" height=\"683\" src=\"https:\/\/dev.5istelecom.fr\/wp-content\/uploads\/2021\/04\/Smart-Buildings-1-1024x683-2.jpg\" class=\"attachment-full size-full\" alt=\"\" loading=\"lazy\" srcset=\"https:\/\/dev.5istelecom.fr\/wp-content\/uploads\/2021\/04\/Smart-Buildings-1-1024x683-2.jpg 683w, https:\/\/dev.5istelecom.fr\/wp-content\/uploads\/2021\/04\/Smart-Buildings-1-1024x683-2-300x300.jpg 300w, https:\/\/dev.5istelecom.fr\/wp-content\/uploads\/2021\/04\/Smart-Buildings-1-1024x683-2-150x150.jpg 150w\" sizes=\"(max-width: 683px) 100vw, 683px\" \/>\t\t\t\t\t\t\t\t\t\t\t<\/div>\n\t\t\t\t<\/div>\n\t\t\t\t<\/div>\n\t\t\t\t\t\t<\/div>\n\t\t\t\t\t<\/div>\n\t\t<\/div>\n\t\t\t\t<div class=\"elementor-column elementor-col-50 elementor-top-column elementor-element elementor-element-71f172ba\" data-id=\"71f172ba\" data-element_type=\"column\">\n\t\t\t<div class=\"elementor-column-wrap elementor-element-populated\">\n\t\t\t\t\t\t\t<div class=\"elementor-widget-wrap\">\n\t\t\t\t\t\t<div class=\"elementor-element elementor-element-2d35043f elementor-widget elementor-widget-heading\" data-id=\"2d35043f\" data-element_type=\"widget\" data-widget_type=\"heading.default\">\n\t\t\t\t<div class=\"elementor-widget-container\">\n\t\t\t<h2 class=\"elementor-heading-title elementor-size-default\">A propos<\/h2>\t\t<\/div>\n\t\t\t\t<\/div>\n\t\t\t\t<div class=\"elementor-element elementor-element-1eb2147a elementor-widget elementor-widget-text-editor\" data-id=\"1eb2147a\" data-element_type=\"widget\" data-widget_type=\"text-editor.default\">\n\t\t\t\t<div class=\"elementor-widget-container\">\n\t\t\t\t\t<div class=\"elementor-text-editor elementor-clearfix\"><div class=\"t pg-1m0 pg-1x0 pg-1h3 pg-1y2 pg-1ff1 pg-1fs0 pg-1fc0 pg-1sc0 pg-1ls0 pg-1ws0\">5IS, expert en t\u00e9l\u00e9communications d\u2019entreprises, propose des solutions de T\u00e9l\u00e9phonie IP et Acc\u00e8s Internet \u00e0 tr\u00e8s haut d\u00e9bit s\u00e9curis\u00e9e.<\/div>\n<div class=\"t pg-1m0 pg-1x0 pg-1h5 pg-1y5 pg-1ff3 pg-1fs1 pg-1fc1 pg-1sc0 pg-1ls0 pg-1ws0\">Nos ing\u00e9nieurs certifi\u00e9s, sp\u00e9cialis\u00e9s en r\u00e9seaux d\u2019entreprises, sont d\u00e9di\u00e9s \u00e0 chaque projet, pour analyser, proposer et d\u00e9ployer de bout en bout des architectures r\u00e9seaux Voix &#8211; Data dans les petites, moyennes et grandes entreprises.<\/div><\/div>\n\t\t\t\t<\/div>\n\t\t\t\t<\/div>\n\t\t\t\t<div class=\"elementor-element elementor-element-326bb41e elementor-mobile-align-center elementor-widget elementor-widget-button\" data-id=\"326bb41e\" data-element_type=\"widget\" data-widget_type=\"button.default\">\n\t\t\t\t<div class=\"elementor-widget-container\">\n\t\t\t\t\t<div class=\"elementor-button-wrapper\">\n\t\t\t<a href=\"https:\/\/dev.5istelecom.fr\/index.php\/contact\/\" class=\"elementor-button-link elementor-button elementor-size-md elementor-animation-grow\" role=\"button\">\n\t\t\t\t\t\t<span class=\"elementor-button-content-wrapper\">\n\t\t\t\t\t\t<span class=\"elementor-button-text\">Nous contacter<\/span>\n\t\t<\/span>\n\t\t\t\t\t<\/a>\n\t\t<\/div>\n\t\t\t\t<\/div>\n\t\t\t\t<\/div>\n\t\t\t\t\t\t<\/div>\n\t\t\t\t\t<\/div>\n\t\t<\/div>\n\t\t\t\t\t\t\t\t<\/div>\n\t\t\t\t\t<\/div>\n\t\t<\/section>\n\t\t\t\t<section class=\"elementor-section elementor-top-section elementor-element elementor-element-611567e9 elementor-section-height-min-height elementor-section-items-bottom elementor-section-boxed elementor-section-height-default\" data-id=\"611567e9\" data-element_type=\"section\" data-settings=\"{&quot;background_background&quot;:&quot;classic&quot;}\">\n\t\t\t\t\t\t\t<div class=\"elementor-background-overlay\"><\/div>\n\t\t\t\t\t\t\t<div class=\"elementor-container elementor-column-gap-default\">\n\t\t\t\t\t\t\t<div class=\"elementor-row\">\n\t\t\t\t\t<div class=\"elementor-column elementor-col-100 elementor-top-column elementor-element elementor-element-383a4d9f\" data-id=\"383a4d9f\" data-element_type=\"column\">\n\t\t\t<div class=\"elementor-column-wrap elementor-element-populated\">\n\t\t\t\t\t\t\t<div class=\"elementor-widget-wrap\">\n\t\t\t\t\t\t<div class=\"elementor-element elementor-element-7bfadc6 elementor-widget elementor-widget-heading\" data-id=\"7bfadc6\" data-element_type=\"widget\" data-widget_type=\"heading.default\">\n\t\t\t\t<div class=\"elementor-widget-container\">\n\t\t\t<h3 class=\"elementor-heading-title elementor-size-default\">Nos services<\/h3>\t\t<\/div>\n\t\t\t\t<\/div>\n\t\t\t\t<section class=\"elementor-section elementor-inner-section elementor-element elementor-element-78c6aac3 elementor-section-full_width elementor-section-height-default elementor-section-height-default\" data-id=\"78c6aac3\" data-element_type=\"section\" data-settings=\"{&quot;background_background&quot;:&quot;slideshow&quot;,&quot;background_slideshow_gallery&quot;:[],&quot;background_slideshow_loop&quot;:&quot;yes&quot;,&quot;background_slideshow_slide_duration&quot;:5000,&quot;background_slideshow_slide_transition&quot;:&quot;fade&quot;,&quot;background_slideshow_transition_duration&quot;:500}\">\n\t\t\t\t\t\t<div class=\"elementor-container elementor-column-gap-default\">\n\t\t\t\t\t\t\t<div class=\"elementor-row\">\n\t\t\t\t\t<div class=\"elementor-column elementor-col-33 elementor-inner-column elementor-element elementor-element-2bda3fe0\" data-id=\"2bda3fe0\" data-element_type=\"column\" data-settings=\"{&quot;background_background&quot;:&quot;classic&quot;}\">\n\t\t\t<div class=\"elementor-column-wrap elementor-element-populated\">\n\t\t\t\t\t\t\t<div class=\"elementor-widget-wrap\">\n\t\t\t\t\t\t<div class=\"elementor-element elementor-element-1eae1738 elementor-position-top elementor-vertical-align-top elementor-widget elementor-widget-image-box\" data-id=\"1eae1738\" data-element_type=\"widget\" data-widget_type=\"image-box.default\">\n\t\t\t\t<div class=\"elementor-widget-container\">\n\t\t\t<div class=\"elementor-image-box-wrapper\"><figure class=\"elementor-image-box-img\"><img width=\"2038\" height=\"1851\" src=\"https:\/\/dev.5istelecom.fr\/wp-content\/uploads\/2021\/03\/icone-telephonie-IP-1.png\" class=\"attachment-full size-full\" alt=\"\" loading=\"lazy\" srcset=\"https:\/\/dev.5istelecom.fr\/wp-content\/uploads\/2021\/03\/icone-telephonie-IP-1.png 2038w, https:\/\/dev.5istelecom.fr\/wp-content\/uploads\/2021\/03\/icone-telephonie-IP-1-300x272.png 300w, https:\/\/dev.5istelecom.fr\/wp-content\/uploads\/2021\/03\/icone-telephonie-IP-1-1024x930.png 1024w, https:\/\/dev.5istelecom.fr\/wp-content\/uploads\/2021\/03\/icone-telephonie-IP-1-768x698.png 768w, https:\/\/dev.5istelecom.fr\/wp-content\/uploads\/2021\/03\/icone-telephonie-IP-1-1536x1395.png 1536w\" sizes=\"(max-width: 2038px) 100vw, 2038px\" \/><\/figure><div class=\"elementor-image-box-content\"><h3 class=\"elementor-image-box-title\">T\u00e9l\u00e9phonie IP<\/h3><p class=\"elementor-image-box-description\">La t\u00e9l\u00e9phonie IP consiste \u00e0 num\u00e9riser la voix et \u00e0 utiliser le biais d'internet pour communiquer. <br>Egalement appel\u00e9e VoIP, cette technologie de t\u00e9l\u00e9phonie num\u00e9rique permet notamment de r\u00e9aliser d'importantes \u00e9conomies sur les co\u00fbts de communication de votre entreprise.<\/p><\/div><\/div>\t\t<\/div>\n\t\t\t\t<\/div>\n\t\t\t\t<div class=\"elementor-element elementor-element-e707396 elementor-align-left elementor-mobile-align-center elementor-widget elementor-widget-button\" data-id=\"e707396\" data-element_type=\"widget\" data-widget_type=\"button.default\">\n\t\t\t\t<div class=\"elementor-widget-container\">\n\t\t\t\t\t<div class=\"elementor-button-wrapper\">\n\t\t\t<a href=\"https:\/\/dev.5istelecom.fr\/index.php\/telephonie\/\" class=\"elementor-button-link elementor-button elementor-size-sm elementor-animation-grow\" role=\"button\">\n\t\t\t\t\t\t<span class=\"elementor-button-content-wrapper\">\n\t\t\t\t\t\t<span class=\"elementor-button-icon elementor-align-icon-right\">\n\t\t\t\t<i aria-hidden=\"true\" class=\"fas fa-angle-right\"><\/i>\t\t\t<\/span>\n\t\t\t\t\t\t<span class=\"elementor-button-text\">En savoir plus<\/span>\n\t\t<\/span>\n\t\t\t\t\t<\/a>\n\t\t<\/div>\n\t\t\t\t<\/div>\n\t\t\t\t<\/div>\n\t\t\t\t\t\t<\/div>\n\t\t\t\t\t<\/div>\n\t\t<\/div>\n\t\t\t\t<div class=\"elementor-column elementor-col-33 elementor-inner-column elementor-element elementor-element-75bb8b5\" data-id=\"75bb8b5\" data-element_type=\"column\" data-settings=\"{&quot;background_background&quot;:&quot;classic&quot;}\">\n\t\t\t<div class=\"elementor-column-wrap elementor-element-populated\">\n\t\t\t\t\t\t\t<div class=\"elementor-widget-wrap\">\n\t\t\t\t\t\t<div class=\"elementor-element elementor-element-68072695 elementor-position-top elementor-vertical-align-top elementor-widget elementor-widget-image-box\" data-id=\"68072695\" data-element_type=\"widget\" data-widget_type=\"image-box.default\">\n\t\t\t\t<div class=\"elementor-widget-container\">\n\t\t\t<div class=\"elementor-image-box-wrapper\"><figure class=\"elementor-image-box-img\"><img width=\"2082\" height=\"1851\" src=\"https:\/\/dev.5istelecom.fr\/wp-content\/uploads\/2021\/03\/icone-acces-internet-2.png\" class=\"attachment-full size-full\" alt=\"\" loading=\"lazy\" srcset=\"https:\/\/dev.5istelecom.fr\/wp-content\/uploads\/2021\/03\/icone-acces-internet-2.png 2082w, https:\/\/dev.5istelecom.fr\/wp-content\/uploads\/2021\/03\/icone-acces-internet-2-300x267.png 300w, https:\/\/dev.5istelecom.fr\/wp-content\/uploads\/2021\/03\/icone-acces-internet-2-1024x910.png 1024w, https:\/\/dev.5istelecom.fr\/wp-content\/uploads\/2021\/03\/icone-acces-internet-2-768x683.png 768w, https:\/\/dev.5istelecom.fr\/wp-content\/uploads\/2021\/03\/icone-acces-internet-2-1536x1366.png 1536w, https:\/\/dev.5istelecom.fr\/wp-content\/uploads\/2021\/03\/icone-acces-internet-2-2048x1821.png 2048w\" sizes=\"(max-width: 2082px) 100vw, 2082px\" \/><\/figure><div class=\"elementor-image-box-content\"><h3 class=\"elementor-image-box-title\">Acc\u00e8s internet<\/h3><p class=\"elementor-image-box-description\">Afin de vous assurer de l'efficacit\u00e9 de vos \u00e9quipes, votre connexion Internet joue un r\u00f4le d\u00e9terminant. Celle-ci fluidifie les communications entre clients et fournisseurs mais aussi entre vos collaborateurs. <br>Nous proposons des connexions Internet adapt\u00e9es \u00e0 votre budget et vos usages.<\/p><\/div><\/div>\t\t<\/div>\n\t\t\t\t<\/div>\n\t\t\t\t<div class=\"elementor-element elementor-element-4f9ef050 elementor-align-left elementor-mobile-align-center elementor-widget elementor-widget-button\" data-id=\"4f9ef050\" data-element_type=\"widget\" data-widget_type=\"button.default\">\n\t\t\t\t<div class=\"elementor-widget-container\">\n\t\t\t\t\t<div class=\"elementor-button-wrapper\">\n\t\t\t<a href=\"https:\/\/dev.5istelecom.fr\/index.php\/acces-internet\/\" class=\"elementor-button-link elementor-button elementor-size-sm elementor-animation-grow\" role=\"button\">\n\t\t\t\t\t\t<span class=\"elementor-button-content-wrapper\">\n\t\t\t\t\t\t<span class=\"elementor-button-icon elementor-align-icon-right\">\n\t\t\t\t<i aria-hidden=\"true\" class=\"fas fa-angle-right\"><\/i>\t\t\t<\/span>\n\t\t\t\t\t\t<span class=\"elementor-button-text\">En savoir plus<\/span>\n\t\t<\/span>\n\t\t\t\t\t<\/a>\n\t\t<\/div>\n\t\t\t\t<\/div>\n\t\t\t\t<\/div>\n\t\t\t\t\t\t<\/div>\n\t\t\t\t\t<\/div>\n\t\t<\/div>\n\t\t\t\t<div class=\"elementor-column elementor-col-33 elementor-inner-column elementor-element elementor-element-71b743f7\" data-id=\"71b743f7\" data-element_type=\"column\" data-settings=\"{&quot;background_background&quot;:&quot;classic&quot;}\">\n\t\t\t<div class=\"elementor-column-wrap elementor-element-populated\">\n\t\t\t\t\t\t\t<div class=\"elementor-widget-wrap\">\n\t\t\t\t\t\t<div class=\"elementor-element elementor-element-276b3590 elementor-position-top elementor-vertical-align-top elementor-widget elementor-widget-image-box\" data-id=\"276b3590\" data-element_type=\"widget\" data-widget_type=\"image-box.default\">\n\t\t\t\t<div class=\"elementor-widget-container\">\n\t\t\t<div class=\"elementor-image-box-wrapper\"><figure class=\"elementor-image-box-img\"><img width=\"2052\" height=\"1851\" src=\"https:\/\/dev.5istelecom.fr\/wp-content\/uploads\/2021\/03\/icone-securite-et-reseau-2.png\" class=\"attachment-full size-full\" alt=\"\" loading=\"lazy\" srcset=\"https:\/\/dev.5istelecom.fr\/wp-content\/uploads\/2021\/03\/icone-securite-et-reseau-2.png 2052w, https:\/\/dev.5istelecom.fr\/wp-content\/uploads\/2021\/03\/icone-securite-et-reseau-2-300x271.png 300w, https:\/\/dev.5istelecom.fr\/wp-content\/uploads\/2021\/03\/icone-securite-et-reseau-2-1024x924.png 1024w, https:\/\/dev.5istelecom.fr\/wp-content\/uploads\/2021\/03\/icone-securite-et-reseau-2-768x693.png 768w, https:\/\/dev.5istelecom.fr\/wp-content\/uploads\/2021\/03\/icone-securite-et-reseau-2-1536x1386.png 1536w, https:\/\/dev.5istelecom.fr\/wp-content\/uploads\/2021\/03\/icone-securite-et-reseau-2-2048x1847.png 2048w\" sizes=\"(max-width: 2052px) 100vw, 2052px\" \/><\/figure><div class=\"elementor-image-box-content\"><h3 class=\"elementor-image-box-title\">S\u00e9curit\u00e9 &amp; R\u00e9seau<\/h3><p class=\"elementor-image-box-description\">Afin de s\u00e9curiser votre entreprise et son r\u00e9seau informatique, nous vous proposons un service complet de surveillance comprenant l'anticipation des agressions ext\u00e9rieures. <br>Gr\u00e2ce \u00e0 cela, vous garantissez \u00e0 vos collaborateurs et utilisateurs une s\u00e9curit\u00e9 optimale. <\/p><\/div><\/div>\t\t<\/div>\n\t\t\t\t<\/div>\n\t\t\t\t<div class=\"elementor-element elementor-element-46bda2e0 elementor-align-left elementor-mobile-align-center elementor-widget elementor-widget-button\" data-id=\"46bda2e0\" data-element_type=\"widget\" data-widget_type=\"button.default\">\n\t\t\t\t<div class=\"elementor-widget-container\">\n\t\t\t\t\t<div class=\"elementor-button-wrapper\">\n\t\t\t<a href=\"#\" class=\"elementor-button-link elementor-button elementor-size-sm elementor-animation-grow\" role=\"button\">\n\t\t\t\t\t\t<span class=\"elementor-button-content-wrapper\">\n\t\t\t\t\t\t<span class=\"elementor-button-icon elementor-align-icon-right\">\n\t\t\t\t<i aria-hidden=\"true\" class=\"fas fa-angle-right\"><\/i>\t\t\t<\/span>\n\t\t\t\t\t\t<span class=\"elementor-button-text\">En savoir plus<\/span>\n\t\t<\/span>\n\t\t\t\t\t<\/a>\n\t\t<\/div>\n\t\t\t\t<\/div>\n\t\t\t\t<\/div>\n\t\t\t\t\t\t<\/div>\n\t\t\t\t\t<\/div>\n\t\t<\/div>\n\t\t\t\t\t\t\t\t<\/div>\n\t\t\t\t\t<\/div>\n\t\t<\/section>\n\t\t\t\t\t\t<\/div>\n\t\t\t\t\t<\/div>\n\t\t<\/div>\n\t\t\t\t\t\t\t\t<\/div>\n\t\t\t\t\t<\/div>\n\t\t<\/section>\n\t\t\t\t<section class=\"elementor-section elementor-top-section elementor-element elementor-element-69cd452 elementor-section-boxed elementor-section-height-default elementor-section-height-default\" data-id=\"69cd452\" data-element_type=\"section\">\n\t\t\t\t\t\t<div class=\"elementor-container elementor-column-gap-default\">\n\t\t\t\t\t\t\t<div class=\"elementor-row\">\n\t\t\t\t\t<div class=\"elementor-column elementor-col-100 elementor-top-column elementor-element elementor-element-ebca58b\" data-id=\"ebca58b\" data-element_type=\"column\">\n\t\t\t<div class=\"elementor-column-wrap elementor-element-populated\">\n\t\t\t\t\t\t\t<div class=\"elementor-widget-wrap\">\n\t\t\t\t\t\t<div class=\"elementor-element elementor-element-731733e elementor-widget elementor-widget-html\" data-id=\"731733e\" data-element_type=\"widget\" data-widget_type=\"html.default\">\n\t\t\t\t<div class=\"elementor-widget-container\">\n\t\t\t<iframe loading=\"lazy\" id=\"test-eligibilite\" src=\"https:\/\/iframe.api-eligibility.fr\/?i=335\" width=\"992\" height=\"126\" style=\"display:block;width:100%;max-width:992px;margin:0 auto;border:0;overflow:hidden;\"><\/iframe><script>!function(){var t=window.addEventListener?\"addEventListener\":\"attachEvent\",e=window[t],a=\"attachEvent\"==t?\"onmessage\":\"message\",n=document.getElementById(\"test-eligibilite\");e(a,function(t){t.data&&t.data.h&&(n.height=t.data.h)},!1)}();<\/script>\t\t<\/div>\n\t\t\t\t<\/div>\n\t\t\t\t\t\t<\/div>\n\t\t\t\t\t<\/div>\n\t\t<\/div>\n\t\t\t\t\t\t\t\t<\/div>\n\t\t\t\t\t<\/div>\n\t\t<\/section>\n\t\t\t\t<section class=\"elementor-section elementor-top-section elementor-element elementor-element-b4e3b7c elementor-section-boxed elementor-section-height-default elementor-section-height-default\" data-id=\"b4e3b7c\" data-element_type=\"section\">\n\t\t\t\t\t\t<div class=\"elementor-container elementor-column-gap-default\">\n\t\t\t\t\t\t\t<div class=\"elementor-row\">\n\t\t\t\t\t<div class=\"elementor-column elementor-col-100 elementor-top-column elementor-element elementor-element-a442479\" data-id=\"a442479\" data-element_type=\"column\">\n\t\t\t<div class=\"elementor-column-wrap elementor-element-populated\">\n\t\t\t\t\t\t\t<div class=\"elementor-widget-wrap\">\n\t\t\t\t\t\t<div class=\"elementor-element elementor-element-79320ed elementor-widget elementor-widget-spacer\" data-id=\"79320ed\" data-element_type=\"widget\" data-widget_type=\"spacer.default\">\n\t\t\t\t<div class=\"elementor-widget-container\">\n\t\t\t\t\t<div class=\"elementor-spacer\">\n\t\t\t<div class=\"elementor-spacer-inner\"><\/div>\n\t\t<\/div>\n\t\t\t\t<\/div>\n\t\t\t\t<\/div>\n\t\t\t\t\t\t<\/div>\n\t\t\t\t\t<\/div>\n\t\t<\/div>\n\t\t\t\t\t\t\t\t<\/div>\n\t\t\t\t\t<\/div>\n\t\t<\/section>\n\t\t\t\t\t\t<\/div>\n\t\t\t\t\t\t<\/div>\n\t\t\t\t\t<\/div>\n\t\t","protected":false},"excerpt":{"rendered":"<p>T\u00e9l\u00e9communication pour petites, moyennes et grandes entreprises A propos 5IS, expert en t\u00e9l\u00e9communications d\u2019entreprises, propose des solutions de T\u00e9l\u00e9phonie IP et Acc\u00e8s Internet \u00e0 tr\u00e8s haut d\u00e9bit s\u00e9curis\u00e9e. Nos ing\u00e9nieurs certifi\u00e9s, sp\u00e9cialis\u00e9s en r\u00e9seaux d\u2019entreprises, sont d\u00e9di\u00e9s \u00e0 chaque projet, pour analyser, proposer et d\u00e9ployer de bout en bout des architectures r\u00e9seaux Voix &#8211; Data [&hellip;]<\/p>\n","protected":false},"author":1,"featured_media":0,"parent":0,"menu_order":0,"comment_status":"closed","ping_status":"closed","template":"elementor_theme","meta":[],"yoast_head":"<!-- This site is optimized with the Yoast SEO plugin v16.1.1 - https:\/\/yoast.com\/wordpress\/plugins\/seo\/ -->\n<title>Accueil - 5IS<\/title>\n<link rel=\"canonical\" href=\"https:\/\/dev.5istelecom.fr\/\" \/>\n<meta property=\"og:locale\" content=\"fr_FR\" \/>\n<meta property=\"og:type\" content=\"article\" \/>\n<meta property=\"og:title\" content=\"Accueil - 5IS\" \/>\n<meta property=\"og:description\" content=\"T\u00e9l\u00e9communication pour petites, moyennes et grandes entreprises A propos 5IS, expert en t\u00e9l\u00e9communications d\u2019entreprises, propose des solutions de T\u00e9l\u00e9phonie IP et Acc\u00e8s Internet \u00e0 tr\u00e8s haut d\u00e9bit s\u00e9curis\u00e9e. Nos ing\u00e9nieurs certifi\u00e9s, sp\u00e9cialis\u00e9s en r\u00e9seaux d\u2019entreprises, sont d\u00e9di\u00e9s \u00e0 chaque projet, pour analyser, proposer et d\u00e9ployer de bout en bout des architectures r\u00e9seaux Voix &#8211; Data [&hellip;]\" \/>\n<meta property=\"og:url\" content=\"https:\/\/dev.5istelecom.fr\/\" \/>\n<meta property=\"og:site_name\" content=\"5IS\" \/>\n<meta property=\"article:modified_time\" content=\"2021-12-27T14:32:35+00:00\" \/>\n<meta property=\"og:image\" content=\"https:\/\/dev.5istelecom.fr\/wp-content\/uploads\/2021\/04\/Smart-Buildings-1-1024x683-2.jpg\" \/>\n<meta name=\"twitter:card\" content=\"summary_large_image\" \/>\n<meta name=\"twitter:label1\" content=\"Dur\u00e9e de lecture est.\">\n\t<meta name=\"twitter:data1\" content=\"2 minutes\">\n<script type=\"application\/ld+json\" class=\"yoast-schema-graph\">{\"@context\":\"https:\/\/schema.org\",\"@graph\":[{\"@type\":\"WebSite\",\"@id\":\"https:\/\/dev.5istelecom.fr\/#website\",\"url\":\"https:\/\/dev.5istelecom.fr\/\",\"name\":\"5IS\",\"description\":\"\",\"potentialAction\":[{\"@type\":\"SearchAction\",\"target\":\"https:\/\/dev.5istelecom.fr\/?s={search_term_string}\",\"query-input\":\"required name=search_term_string\"}],\"inLanguage\":\"fr-FR\"},{\"@type\":\"ImageObject\",\"@id\":\"https:\/\/dev.5istelecom.fr\/#primaryimage\",\"inLanguage\":\"fr-FR\",\"url\":\"https:\/\/dev.5istelecom.fr\/wp-content\/uploads\/2021\/04\/Smart-Buildings-1-1024x683-2.jpg\",\"contentUrl\":\"https:\/\/dev.5istelecom.fr\/wp-content\/uploads\/2021\/04\/Smart-Buildings-1-1024x683-2.jpg\",\"width\":683,\"height\":683},{\"@type\":\"WebPage\",\"@id\":\"https:\/\/dev.5istelecom.fr\/#webpage\",\"url\":\"https:\/\/dev.5istelecom.fr\/\",\"name\":\"Accueil - 5IS\",\"isPartOf\":{\"@id\":\"https:\/\/dev.5istelecom.fr\/#website\"},\"primaryImageOfPage\":{\"@id\":\"https:\/\/dev.5istelecom.fr\/#primaryimage\"},\"datePublished\":\"2021-02-03T12:27:41+00:00\",\"dateModified\":\"2021-12-27T14:32:35+00:00\",\"breadcrumb\":{\"@id\":\"https:\/\/dev.5istelecom.fr\/#breadcrumb\"},\"inLanguage\":\"fr-FR\",\"potentialAction\":[{\"@type\":\"ReadAction\",\"target\":[\"https:\/\/dev.5istelecom.fr\/\"]}]},{\"@type\":\"BreadcrumbList\",\"@id\":\"https:\/\/dev.5istelecom.fr\/#breadcrumb\",\"itemListElement\":[{\"@type\":\"ListItem\",\"position\":1,\"item\":{\"@type\":\"WebPage\",\"@id\":\"https:\/\/dev.5istelecom.fr\/\",\"url\":\"https:\/\/dev.5istelecom.fr\/\",\"name\":\"Accueil\"}},{\"@type\":\"ListItem\",\"position\":2,\"item\":{\"@type\":\"WebPage\",\"@id\":\"https:\/\/dev.5istelecom.fr\/\",\"url\":\"https:\/\/dev.5istelecom.fr\/\",\"name\":\"Accueil\"}}]}]}<\/script>\n<!-- \/ Yoast SEO plugin. -->","_links":{"self":[{"href":"https:\/\/dev.5istelecom.fr\/index.php\/wp-json\/wp\/v2\/pages\/91"}],"collection":[{"href":"https:\/\/dev.5istelecom.fr\/index.php\/wp-json\/wp\/v2\/pages"}],"about":[{"href":"https:\/\/dev.5istelecom.fr\/index.php\/wp-json\/wp\/v2\/types\/page"}],"author":[{"embeddable":true,"href":"https:\/\/dev.5istelecom.fr\/index.php\/wp-json\/wp\/v2\/users\/1"}],"replies":[{"embeddable":true,"href":"https:\/\/dev.5istelecom.fr\/index.php\/wp-json\/wp\/v2\/comments?post=91"}],"version-history":[{"count":362,"href":"https:\/\/dev.5istelecom.fr\/index.php\/wp-json\/wp\/v2\/pages\/91\/revisions"}],"predecessor-version":[{"id":4263,"href":"https:\/\/dev.5istelecom.fr\/index.php\/wp-json\/wp\/v2\/pages\/91\/revisions\/4263"}],"wp:attachment":[{"href":"https:\/\/dev.5istelecom.fr\/index.php\/wp-json\/wp\/v2\/media?parent=91"}],"curies":[{"name":"wp","href":"https:\/\/api.w.org\/{rel}","templated":true}]}}