{"id":429,"date":"2021-02-22T10:36:47","date_gmt":"2021-02-22T09:36:47","guid":{"rendered":"https:\/\/dev.5istelecom.fr\/?page_id=429"},"modified":"2022-01-07T14:17:47","modified_gmt":"2022-01-07T13:17:47","slug":"softphone","status":"publish","type":"page","link":"https:\/\/dev.5istelecom.fr\/index.php\/softphone\/","title":{"rendered":"Softphone"},"content":{"rendered":"\t\t<div data-elementor-type=\"wp-page\" data-elementor-id=\"429\" class=\"elementor elementor-429\" data-elementor-settings=\"[]\">\n\t\t\t\t\t\t<div class=\"elementor-inner\">\n\t\t\t\t\t\t\t<div class=\"elementor-section-wrap\">\n\t\t\t\t\t\t\t<section class=\"elementor-section elementor-top-section elementor-element elementor-element-4e455e0 elementor-section-height-min-height elementor-section-content-middle elementor-section-boxed elementor-section-height-default elementor-section-items-middle\" data-id=\"4e455e0\" data-element_type=\"section\" data-settings=\"{&quot;background_background&quot;:&quot;classic&quot;}\">\n\t\t\t\t\t\t<div class=\"elementor-container elementor-column-gap-default\">\n\t\t\t\t\t\t\t<div class=\"elementor-row\">\n\t\t\t\t\t<div class=\"elementor-column elementor-col-100 elementor-top-column elementor-element elementor-element-4336e34\" data-id=\"4336e34\" data-element_type=\"column\">\n\t\t\t<div class=\"elementor-column-wrap elementor-element-populated\">\n\t\t\t\t\t\t\t<div class=\"elementor-widget-wrap\">\n\t\t\t\t\t\t<section class=\"elementor-section elementor-inner-section elementor-element elementor-element-30a7f93 elementor-section-boxed elementor-section-height-default elementor-section-height-default\" data-id=\"30a7f93\" data-element_type=\"section\">\n\t\t\t\t\t\t<div class=\"elementor-container elementor-column-gap-default\">\n\t\t\t\t\t\t\t<div class=\"elementor-row\">\n\t\t\t\t\t<div class=\"elementor-column elementor-col-100 elementor-inner-column elementor-element elementor-element-b36652d\" data-id=\"b36652d\" data-element_type=\"column\">\n\t\t\t<div class=\"elementor-column-wrap elementor-element-populated\">\n\t\t\t\t\t\t\t<div class=\"elementor-widget-wrap\">\n\t\t\t\t\t\t<div class=\"elementor-element elementor-element-180fe33 elementor-widget elementor-widget-heading\" data-id=\"180fe33\" data-element_type=\"widget\" data-widget_type=\"heading.default\">\n\t\t\t\t<div class=\"elementor-widget-container\">\n\t\t\t<h2 class=\"elementor-heading-title elementor-size-default\">La solution Softphone :<\/h2>\t\t<\/div>\n\t\t\t\t<\/div>\n\t\t\t\t<div class=\"elementor-element elementor-element-63b959e elementor-widget elementor-widget-heading\" data-id=\"63b959e\" data-element_type=\"widget\" data-widget_type=\"heading.default\">\n\t\t\t\t<div class=\"elementor-widget-container\">\n\t\t\t<h3 class=\"elementor-heading-title elementor-size-large\">votre t\u00e9l\u00e9phone sur ordinateur<\/h3>\t\t<\/div>\n\t\t\t\t<\/div>\n\t\t\t\t\t\t<\/div>\n\t\t\t\t\t<\/div>\n\t\t<\/div>\n\t\t\t\t\t\t\t\t<\/div>\n\t\t\t\t\t<\/div>\n\t\t<\/section>\n\t\t\t\t\t\t<\/div>\n\t\t\t\t\t<\/div>\n\t\t<\/div>\n\t\t\t\t\t\t\t\t<\/div>\n\t\t\t\t\t<\/div>\n\t\t<\/section>\n\t\t\t\t<section class=\"elementor-section elementor-top-section elementor-element elementor-element-55f5f02 elementor-section-content-middle elementor-section-boxed elementor-section-height-default elementor-section-height-default\" data-id=\"55f5f02\" data-element_type=\"section\">\n\t\t\t\t\t\t<div class=\"elementor-container elementor-column-gap-no\">\n\t\t\t\t\t\t\t<div class=\"elementor-row\">\n\t\t\t\t\t<div class=\"elementor-column elementor-col-33 elementor-top-column elementor-element elementor-element-e0074c9\" data-id=\"e0074c9\" data-element_type=\"column\">\n\t\t\t<div class=\"elementor-column-wrap elementor-element-populated\">\n\t\t\t\t\t\t\t<div class=\"elementor-widget-wrap\">\n\t\t\t\t\t\t<div class=\"elementor-element elementor-element-492df5f elementor-widget elementor-widget-image\" data-id=\"492df5f\" data-element_type=\"widget\" data-widget_type=\"image.default\">\n\t\t\t\t<div class=\"elementor-widget-container\">\n\t\t\t\t\t<div class=\"elementor-image\">\n\t\t\t\t\t\t\t\t\t\t<img width=\"800\" height=\"709\" src=\"https:\/\/dev.5istelecom.fr\/wp-content\/uploads\/2021\/04\/linkus-app-2.png\" class=\"attachment-large size-large\" alt=\"\" loading=\"lazy\" srcset=\"https:\/\/dev.5istelecom.fr\/wp-content\/uploads\/2021\/04\/linkus-app-2.png 1023w, https:\/\/dev.5istelecom.fr\/wp-content\/uploads\/2021\/04\/linkus-app-2-300x266.png 300w, https:\/\/dev.5istelecom.fr\/wp-content\/uploads\/2021\/04\/linkus-app-2-768x680.png 768w\" sizes=\"(max-width: 800px) 100vw, 800px\" \/>\t\t\t\t\t\t\t\t\t\t\t<\/div>\n\t\t\t\t<\/div>\n\t\t\t\t<\/div>\n\t\t\t\t\t\t<\/div>\n\t\t\t\t\t<\/div>\n\t\t<\/div>\n\t\t\t\t<div class=\"elementor-column elementor-col-33 elementor-top-column elementor-element elementor-element-c913f4c\" data-id=\"c913f4c\" data-element_type=\"column\">\n\t\t\t<div class=\"elementor-column-wrap\">\n\t\t\t\t\t\t\t<div class=\"elementor-widget-wrap\">\n\t\t\t\t\t\t\t\t<\/div>\n\t\t\t\t\t<\/div>\n\t\t<\/div>\n\t\t\t\t<div class=\"elementor-column elementor-col-33 elementor-top-column elementor-element elementor-element-837cf00\" data-id=\"837cf00\" data-element_type=\"column\">\n\t\t\t<div class=\"elementor-column-wrap elementor-element-populated\">\n\t\t\t\t\t\t\t<div class=\"elementor-widget-wrap\">\n\t\t\t\t\t\t<div class=\"elementor-element elementor-element-882fa38 elementor-widget elementor-widget-heading\" data-id=\"882fa38\" data-element_type=\"widget\" data-widget_type=\"heading.default\">\n\t\t\t\t<div class=\"elementor-widget-container\">\n\t\t\t<h2 class=\"elementor-heading-title elementor-size-default\">Profitez d'une solution simplifi\u00e9e<\/h2>\t\t<\/div>\n\t\t\t\t<\/div>\n\t\t\t\t<div class=\"elementor-element elementor-element-a0d2135 elementor-widget elementor-widget-text-editor\" data-id=\"a0d2135\" data-element_type=\"widget\" data-widget_type=\"text-editor.default\">\n\t\t\t\t<div class=\"elementor-widget-container\">\n\t\t\t\t\t<div class=\"elementor-text-editor elementor-clearfix\"><p>Connectez-vous au logiciel install\u00e9 sur votre ordinateur et passez vos appels en un instant o\u00f9 que vous soyez.<\/p><\/div>\n\t\t\t\t<\/div>\n\t\t\t\t<\/div>\n\t\t\t\t\t\t<\/div>\n\t\t\t\t\t<\/div>\n\t\t<\/div>\n\t\t\t\t\t\t\t\t<\/div>\n\t\t\t\t\t<\/div>\n\t\t<\/section>\n\t\t\t\t<section class=\"elementor-section elementor-top-section elementor-element elementor-element-244777f elementor-section-content-middle elementor-section-boxed elementor-section-height-default elementor-section-height-default\" data-id=\"244777f\" data-element_type=\"section\">\n\t\t\t\t\t\t<div class=\"elementor-container elementor-column-gap-no\">\n\t\t\t\t\t\t\t<div class=\"elementor-row\">\n\t\t\t\t\t<div class=\"elementor-column elementor-col-33 elementor-top-column elementor-element elementor-element-1144762\" data-id=\"1144762\" data-element_type=\"column\">\n\t\t\t<div class=\"elementor-column-wrap elementor-element-populated\">\n\t\t\t\t\t\t\t<div class=\"elementor-widget-wrap\">\n\t\t\t\t\t\t<div class=\"elementor-element elementor-element-a3de312 elementor-widget elementor-widget-heading\" data-id=\"a3de312\" data-element_type=\"widget\" data-widget_type=\"heading.default\">\n\t\t\t\t<div class=\"elementor-widget-container\">\n\t\t\t<h2 class=\"elementor-heading-title elementor-size-default\">Pr\u00e9sentez votre num\u00e9ro d'entreprise<\/h2>\t\t<\/div>\n\t\t\t\t<\/div>\n\t\t\t\t<div class=\"elementor-element elementor-element-5c7a8bd elementor-widget elementor-widget-text-editor\" data-id=\"5c7a8bd\" data-element_type=\"widget\" data-widget_type=\"text-editor.default\">\n\t\t\t\t<div class=\"elementor-widget-container\">\n\t\t\t\t\t<div class=\"elementor-text-editor elementor-clearfix\"><p>Utilisez votre num\u00e9ro professionnel pour passer et recevoir vos appels o\u00f9 que vous soyez. En d\u00e9placement en France ou \u00e0 l&#8217;\u00e9tranger, votre standard vous suit partout.<\/p><\/div>\n\t\t\t\t<\/div>\n\t\t\t\t<\/div>\n\t\t\t\t\t\t<\/div>\n\t\t\t\t\t<\/div>\n\t\t<\/div>\n\t\t\t\t<div class=\"elementor-column elementor-col-33 elementor-top-column elementor-element elementor-element-9c97a6c\" data-id=\"9c97a6c\" data-element_type=\"column\">\n\t\t\t<div class=\"elementor-column-wrap\">\n\t\t\t\t\t\t\t<div class=\"elementor-widget-wrap\">\n\t\t\t\t\t\t\t\t<\/div>\n\t\t\t\t\t<\/div>\n\t\t<\/div>\n\t\t\t\t<div class=\"elementor-column elementor-col-33 elementor-top-column elementor-element elementor-element-6d0d5d5\" data-id=\"6d0d5d5\" data-element_type=\"column\">\n\t\t\t<div class=\"elementor-column-wrap elementor-element-populated\">\n\t\t\t\t\t\t\t<div class=\"elementor-widget-wrap\">\n\t\t\t\t\t\t<div class=\"elementor-element elementor-element-043489e elementor-widget elementor-widget-image\" data-id=\"043489e\" data-element_type=\"widget\" data-widget_type=\"image.default\">\n\t\t\t\t<div class=\"elementor-widget-container\">\n\t\t\t\t\t<div class=\"elementor-image\">\n\t\t\t\t\t\t\t\t\t\t<img width=\"370\" height=\"370\" src=\"https:\/\/dev.5istelecom.fr\/wp-content\/uploads\/2021\/04\/choix-numero-1.png\" class=\"attachment-large size-large\" alt=\"\" loading=\"lazy\" srcset=\"https:\/\/dev.5istelecom.fr\/wp-content\/uploads\/2021\/04\/choix-numero-1.png 370w, https:\/\/dev.5istelecom.fr\/wp-content\/uploads\/2021\/04\/choix-numero-1-300x300.png 300w, https:\/\/dev.5istelecom.fr\/wp-content\/uploads\/2021\/04\/choix-numero-1-150x150.png 150w\" sizes=\"(max-width: 370px) 100vw, 370px\" \/>\t\t\t\t\t\t\t\t\t\t\t<\/div>\n\t\t\t\t<\/div>\n\t\t\t\t<\/div>\n\t\t\t\t\t\t<\/div>\n\t\t\t\t\t<\/div>\n\t\t<\/div>\n\t\t\t\t\t\t\t\t<\/div>\n\t\t\t\t\t<\/div>\n\t\t<\/section>\n\t\t\t\t<section class=\"elementor-section elementor-top-section elementor-element elementor-element-3aaeffd elementor-section-content-middle elementor-section-boxed elementor-section-height-default elementor-section-height-default\" data-id=\"3aaeffd\" data-element_type=\"section\">\n\t\t\t\t\t\t<div class=\"elementor-container elementor-column-gap-no\">\n\t\t\t\t\t\t\t<div class=\"elementor-row\">\n\t\t\t\t\t<div class=\"elementor-column elementor-col-33 elementor-top-column elementor-element elementor-element-8f6f9cc\" data-id=\"8f6f9cc\" data-element_type=\"column\">\n\t\t\t<div class=\"elementor-column-wrap elementor-element-populated\">\n\t\t\t\t\t\t\t<div class=\"elementor-widget-wrap\">\n\t\t\t\t\t\t<div class=\"elementor-element elementor-element-875a9e6 elementor-widget elementor-widget-image\" data-id=\"875a9e6\" data-element_type=\"widget\" data-widget_type=\"image.default\">\n\t\t\t\t<div class=\"elementor-widget-container\">\n\t\t\t\t\t<div class=\"elementor-image\">\n\t\t\t\t\t\t\t\t\t\t<img width=\"800\" height=\"800\" src=\"https:\/\/dev.5istelecom.fr\/wp-content\/uploads\/2021\/04\/Linkus_Header_840x430px-1-1024x1024.png\" class=\"attachment-large size-large\" alt=\"\" loading=\"lazy\" srcset=\"https:\/\/dev.5istelecom.fr\/wp-content\/uploads\/2021\/04\/Linkus_Header_840x430px-1-1024x1024.png 1024w, https:\/\/dev.5istelecom.fr\/wp-content\/uploads\/2021\/04\/Linkus_Header_840x430px-1-300x300.png 300w, https:\/\/dev.5istelecom.fr\/wp-content\/uploads\/2021\/04\/Linkus_Header_840x430px-1-150x150.png 150w, https:\/\/dev.5istelecom.fr\/wp-content\/uploads\/2021\/04\/Linkus_Header_840x430px-1-768x768.png 768w, https:\/\/dev.5istelecom.fr\/wp-content\/uploads\/2021\/04\/Linkus_Header_840x430px-1-1536x1536.png 1536w, https:\/\/dev.5istelecom.fr\/wp-content\/uploads\/2021\/04\/Linkus_Header_840x430px-1.png 1635w\" sizes=\"(max-width: 800px) 100vw, 800px\" \/>\t\t\t\t\t\t\t\t\t\t\t<\/div>\n\t\t\t\t<\/div>\n\t\t\t\t<\/div>\n\t\t\t\t\t\t<\/div>\n\t\t\t\t\t<\/div>\n\t\t<\/div>\n\t\t\t\t<div class=\"elementor-column elementor-col-33 elementor-top-column elementor-element elementor-element-4162509\" data-id=\"4162509\" data-element_type=\"column\">\n\t\t\t<div class=\"elementor-column-wrap\">\n\t\t\t\t\t\t\t<div class=\"elementor-widget-wrap\">\n\t\t\t\t\t\t\t\t<\/div>\n\t\t\t\t\t<\/div>\n\t\t<\/div>\n\t\t\t\t<div class=\"elementor-column elementor-col-33 elementor-top-column elementor-element elementor-element-9bdfe8b\" data-id=\"9bdfe8b\" data-element_type=\"column\">\n\t\t\t<div class=\"elementor-column-wrap elementor-element-populated\">\n\t\t\t\t\t\t\t<div class=\"elementor-widget-wrap\">\n\t\t\t\t\t\t<div class=\"elementor-element elementor-element-71a9af5 elementor-widget elementor-widget-heading\" data-id=\"71a9af5\" data-element_type=\"widget\" data-widget_type=\"heading.default\">\n\t\t\t\t<div class=\"elementor-widget-container\">\n\t\t\t<h2 class=\"elementor-heading-title elementor-size-default\">Optimisez vos espaces de travail<\/h2>\t\t<\/div>\n\t\t\t\t<\/div>\n\t\t\t\t<div class=\"elementor-element elementor-element-8b764ac elementor-widget elementor-widget-text-editor\" data-id=\"8b764ac\" data-element_type=\"widget\" data-widget_type=\"text-editor.default\">\n\t\t\t\t<div class=\"elementor-widget-container\">\n\t\t\t\t\t<div class=\"elementor-text-editor elementor-clearfix\"><p>G\u00e9rez vos appels depuis vos appareils existants sans encombrer vos bureaux tout en faisant des \u00e9conomies sur les co\u00fbts engendr\u00e9s par les postes t\u00e9l\u00e9phoniques.<\/p><\/div>\n\t\t\t\t<\/div>\n\t\t\t\t<\/div>\n\t\t\t\t\t\t<\/div>\n\t\t\t\t\t<\/div>\n\t\t<\/div>\n\t\t\t\t\t\t\t\t<\/div>\n\t\t\t\t\t<\/div>\n\t\t<\/section>\n\t\t\t\t<section class=\"elementor-section elementor-top-section elementor-element elementor-element-1882cbb elementor-section-boxed elementor-section-height-default elementor-section-height-default\" data-id=\"1882cbb\" data-element_type=\"section\">\n\t\t\t\t\t\t<div class=\"elementor-container elementor-column-gap-default\">\n\t\t\t\t\t\t\t<div class=\"elementor-row\">\n\t\t\t\t\t<div class=\"elementor-column elementor-col-100 elementor-top-column elementor-element elementor-element-d5583c3\" data-id=\"d5583c3\" data-element_type=\"column\">\n\t\t\t<div class=\"elementor-column-wrap elementor-element-populated\">\n\t\t\t\t\t\t\t<div class=\"elementor-widget-wrap\">\n\t\t\t\t\t\t<div class=\"elementor-element elementor-element-d271403 elementor-widget elementor-widget-heading\" data-id=\"d271403\" data-element_type=\"widget\" data-widget_type=\"heading.default\">\n\t\t\t\t<div class=\"elementor-widget-container\">\n\t\t\t<h2 class=\"elementor-heading-title elementor-size-default\">LES FONCTIONNALIT\u00c9S DU SOFTPHONE<\/h2>\t\t<\/div>\n\t\t\t\t<\/div>\n\t\t\t\t<div class=\"elementor-element elementor-element-8576af0 elementor-widget elementor-widget-text-editor\" data-id=\"8576af0\" data-element_type=\"widget\" data-widget_type=\"text-editor.default\">\n\t\t\t\t<div class=\"elementor-widget-container\">\n\t\t\t\t\t<div class=\"elementor-text-editor elementor-clearfix\"><p>Indication de la pr\u00e9sence de vos collaborateurs.<\/p><p>Click-to-call, pour appeler un correspondant depuis un e-mail.<\/p><p>Gestion facilit\u00e9e des transferts d\u2019appel ou de la mise en attente.<\/p><p>Centralisation des appels, des contacts et du journal d\u2019appel sur tablette et smartphone.<\/p><p>Audioconf\u00e9rence.<\/p><p>Vid\u00e9o-conf\u00e9rence.<\/p><\/div>\n\t\t\t\t<\/div>\n\t\t\t\t<\/div>\n\t\t\t\t<div class=\"elementor-element elementor-element-21f476e elementor-widget elementor-widget-spacer\" data-id=\"21f476e\" data-element_type=\"widget\" data-widget_type=\"spacer.default\">\n\t\t\t\t<div class=\"elementor-widget-container\">\n\t\t\t\t\t<div class=\"elementor-spacer\">\n\t\t\t<div class=\"elementor-spacer-inner\"><\/div>\n\t\t<\/div>\n\t\t\t\t<\/div>\n\t\t\t\t<\/div>\n\t\t\t\t\t\t<\/div>\n\t\t\t\t\t<\/div>\n\t\t<\/div>\n\t\t\t\t\t\t\t\t<\/div>\n\t\t\t\t\t<\/div>\n\t\t<\/section>\n\t\t\t\t\t\t<\/div>\n\t\t\t\t\t\t<\/div>\n\t\t\t\t\t<\/div>\n\t\t","protected":false},"excerpt":{"rendered":"<p>La solution Softphone : votre t\u00e9l\u00e9phone sur ordinateur Profitez d&#8217;une solution simplifi\u00e9e Connectez-vous au logiciel install\u00e9 sur votre ordinateur et passez vos appels en un instant o\u00f9 que vous soyez. Pr\u00e9sentez votre num\u00e9ro d&#8217;entreprise Utilisez votre num\u00e9ro professionnel pour passer et recevoir vos appels o\u00f9 que vous soyez. En d\u00e9placement en France ou \u00e0 l&#8217;\u00e9tranger, [&hellip;]<\/p>\n","protected":false},"author":1,"featured_media":0,"parent":0,"menu_order":0,"comment_status":"closed","ping_status":"closed","template":"elementor_header_footer","meta":[],"yoast_head":"<!-- This site is optimized with the Yoast SEO plugin v16.1.1 - https:\/\/yoast.com\/wordpress\/plugins\/seo\/ -->\n<title>Softphone - 5IS<\/title>\n<link rel=\"canonical\" href=\"https:\/\/dev.5istelecom.fr\/index.php\/softphone\/\" \/>\n<meta property=\"og:locale\" content=\"fr_FR\" \/>\n<meta property=\"og:type\" content=\"article\" \/>\n<meta property=\"og:title\" content=\"Softphone - 5IS\" \/>\n<meta property=\"og:description\" content=\"La solution Softphone : votre t\u00e9l\u00e9phone sur ordinateur Profitez d&#8217;une solution simplifi\u00e9e Connectez-vous au logiciel install\u00e9 sur votre ordinateur et passez vos appels en un instant o\u00f9 que vous soyez. Pr\u00e9sentez votre num\u00e9ro d&#8217;entreprise Utilisez votre num\u00e9ro professionnel pour passer et recevoir vos appels o\u00f9 que vous soyez. En d\u00e9placement en France ou \u00e0 l&#8217;\u00e9tranger, [&hellip;]\" \/>\n<meta property=\"og:url\" content=\"https:\/\/dev.5istelecom.fr\/index.php\/softphone\/\" \/>\n<meta property=\"og:site_name\" content=\"5IS\" \/>\n<meta property=\"article:modified_time\" content=\"2022-01-07T13:17:47+00:00\" \/>\n<meta property=\"og:image\" content=\"https:\/\/dev.5istelecom.fr\/wp-content\/uploads\/2021\/04\/linkus-app-2.png\" \/>\n<meta name=\"twitter:card\" content=\"summary_large_image\" \/>\n<meta name=\"twitter:label1\" content=\"Dur\u00e9e de lecture est.\">\n\t<meta name=\"twitter:data1\" content=\"2 minutes\">\n<script type=\"application\/ld+json\" class=\"yoast-schema-graph\">{\"@context\":\"https:\/\/schema.org\",\"@graph\":[{\"@type\":\"WebSite\",\"@id\":\"https:\/\/dev.5istelecom.fr\/#website\",\"url\":\"https:\/\/dev.5istelecom.fr\/\",\"name\":\"5IS\",\"description\":\"\",\"potentialAction\":[{\"@type\":\"SearchAction\",\"target\":\"https:\/\/dev.5istelecom.fr\/?s={search_term_string}\",\"query-input\":\"required name=search_term_string\"}],\"inLanguage\":\"fr-FR\"},{\"@type\":\"ImageObject\",\"@id\":\"https:\/\/dev.5istelecom.fr\/index.php\/softphone\/#primaryimage\",\"inLanguage\":\"fr-FR\",\"url\":\"https:\/\/dev.5istelecom.fr\/wp-content\/uploads\/2021\/04\/linkus-app-2.png\",\"contentUrl\":\"https:\/\/dev.5istelecom.fr\/wp-content\/uploads\/2021\/04\/linkus-app-2.png\",\"width\":1023,\"height\":906},{\"@type\":\"WebPage\",\"@id\":\"https:\/\/dev.5istelecom.fr\/index.php\/softphone\/#webpage\",\"url\":\"https:\/\/dev.5istelecom.fr\/index.php\/softphone\/\",\"name\":\"Softphone - 5IS\",\"isPartOf\":{\"@id\":\"https:\/\/dev.5istelecom.fr\/#website\"},\"primaryImageOfPage\":{\"@id\":\"https:\/\/dev.5istelecom.fr\/index.php\/softphone\/#primaryimage\"},\"datePublished\":\"2021-02-22T09:36:47+00:00\",\"dateModified\":\"2022-01-07T13:17:47+00:00\",\"breadcrumb\":{\"@id\":\"https:\/\/dev.5istelecom.fr\/index.php\/softphone\/#breadcrumb\"},\"inLanguage\":\"fr-FR\",\"potentialAction\":[{\"@type\":\"ReadAction\",\"target\":[\"https:\/\/dev.5istelecom.fr\/index.php\/softphone\/\"]}]},{\"@type\":\"BreadcrumbList\",\"@id\":\"https:\/\/dev.5istelecom.fr\/index.php\/softphone\/#breadcrumb\",\"itemListElement\":[{\"@type\":\"ListItem\",\"position\":1,\"item\":{\"@type\":\"WebPage\",\"@id\":\"https:\/\/dev.5istelecom.fr\/\",\"url\":\"https:\/\/dev.5istelecom.fr\/\",\"name\":\"Accueil\"}},{\"@type\":\"ListItem\",\"position\":2,\"item\":{\"@type\":\"WebPage\",\"@id\":\"https:\/\/dev.5istelecom.fr\/index.php\/softphone\/\",\"url\":\"https:\/\/dev.5istelecom.fr\/index.php\/softphone\/\",\"name\":\"Softphone\"}}]}]}<\/script>\n<!-- \/ Yoast SEO plugin. -->","_links":{"self":[{"href":"https:\/\/dev.5istelecom.fr\/index.php\/wp-json\/wp\/v2\/pages\/429"}],"collection":[{"href":"https:\/\/dev.5istelecom.fr\/index.php\/wp-json\/wp\/v2\/pages"}],"about":[{"href":"https:\/\/dev.5istelecom.fr\/index.php\/wp-json\/wp\/v2\/types\/page"}],"author":[{"embeddable":true,"href":"https:\/\/dev.5istelecom.fr\/index.php\/wp-json\/wp\/v2\/users\/1"}],"replies":[{"embeddable":true,"href":"https:\/\/dev.5istelecom.fr\/index.php\/wp-json\/wp\/v2\/comments?post=429"}],"version-history":[{"count":217,"href":"https:\/\/dev.5istelecom.fr\/index.php\/wp-json\/wp\/v2\/pages\/429\/revisions"}],"predecessor-version":[{"id":4339,"href":"https:\/\/dev.5istelecom.fr\/index.php\/wp-json\/wp\/v2\/pages\/429\/revisions\/4339"}],"wp:attachment":[{"href":"https:\/\/dev.5istelecom.fr\/index.php\/wp-json\/wp\/v2\/media?parent=429"}],"curies":[{"name":"wp","href":"https:\/\/api.w.org\/{rel}","templated":true}]}}