{"id":2947,"date":"2021-04-12T17:05:41","date_gmt":"2021-04-12T15:05:41","guid":{"rendered":"https:\/\/dev.5istelecom.fr\/?page_id=2947"},"modified":"2021-07-15T11:17:49","modified_gmt":"2021-07-15T09:17:49","slug":"toutes-les-fonctionnalites","status":"publish","type":"page","link":"https:\/\/dev.5istelecom.fr\/index.php\/toutes-les-fonctionnalites\/","title":{"rendered":"Toutes les fonctionnalit\u00e9s"},"content":{"rendered":"\t\t<div data-elementor-type=\"wp-page\" data-elementor-id=\"2947\" class=\"elementor elementor-2947\" data-elementor-settings=\"[]\">\n\t\t\t\t\t\t<div class=\"elementor-inner\">\n\t\t\t\t\t\t\t<div class=\"elementor-section-wrap\">\n\t\t\t\t\t\t\t<section class=\"elementor-section elementor-top-section elementor-element elementor-element-6f0a302 elementor-section-boxed elementor-section-height-default elementor-section-height-default\" data-id=\"6f0a302\" data-element_type=\"section\">\n\t\t\t\t\t\t<div class=\"elementor-container elementor-column-gap-default\">\n\t\t\t\t\t\t\t<div class=\"elementor-row\">\n\t\t\t\t\t<div class=\"elementor-column elementor-col-100 elementor-top-column elementor-element elementor-element-79f7659\" data-id=\"79f7659\" data-element_type=\"column\">\n\t\t\t<div class=\"elementor-column-wrap elementor-element-populated\">\n\t\t\t\t\t\t\t<div class=\"elementor-widget-wrap\">\n\t\t\t\t\t\t<div class=\"elementor-element elementor-element-ec3cedf elementor-widget elementor-widget-heading\" data-id=\"ec3cedf\" data-element_type=\"widget\" data-widget_type=\"heading.default\">\n\t\t\t\t<div class=\"elementor-widget-container\">\n\t\t\t<h3 class=\"elementor-heading-title elementor-size-large\">Les fonctionnalit\u00e9s de la <br>t\u00e9l\u00e9phonie ip\n<\/h3>\t\t<\/div>\n\t\t\t\t<\/div>\n\t\t\t\t<div class=\"elementor-element elementor-element-52a2c78 elementor-widget-divider--view-line elementor-widget elementor-widget-divider\" data-id=\"52a2c78\" data-element_type=\"widget\" data-widget_type=\"divider.default\">\n\t\t\t\t<div class=\"elementor-widget-container\">\n\t\t\t\t\t<div class=\"elementor-divider\">\n\t\t\t<span class=\"elementor-divider-separator\">\n\t\t\t\t\t\t<\/span>\n\t\t<\/div>\n\t\t\t\t<\/div>\n\t\t\t\t<\/div>\n\t\t\t\t<section class=\"elementor-section elementor-inner-section elementor-element elementor-element-440453f elementor-section-boxed elementor-section-height-default elementor-section-height-default\" data-id=\"440453f\" data-element_type=\"section\">\n\t\t\t\t\t\t<div class=\"elementor-container elementor-column-gap-wider\">\n\t\t\t\t\t\t\t<div class=\"elementor-row\">\n\t\t\t\t\t<div class=\"elementor-column elementor-col-50 elementor-inner-column elementor-element elementor-element-769438c\" data-id=\"769438c\" data-element_type=\"column\">\n\t\t\t<div class=\"elementor-column-wrap elementor-element-populated\">\n\t\t\t\t\t\t\t<div class=\"elementor-widget-wrap\">\n\t\t\t\t\t\t<div class=\"elementor-element elementor-element-014a6c6 elementor-position-left elementor-vertical-align-middle elementor-widget elementor-widget-image-box\" data-id=\"014a6c6\" data-element_type=\"widget\" data-widget_type=\"image-box.default\">\n\t\t\t\t<div class=\"elementor-widget-container\">\n\t\t\t<div class=\"elementor-image-box-wrapper\"><div class=\"elementor-image-box-content\"><h3 class=\"elementor-image-box-title\">Serveur Vocal Interactif<\/h3><p class=\"elementor-image-box-description\">\u201cPour joindre le service commercial, tapez 1\u2026\u201d. Les appels sont directement rout\u00e9s aux services et collaborateurs concern\u00e9s.\n\n\n<\/p><\/div><\/div>\t\t<\/div>\n\t\t\t\t<\/div>\n\t\t\t\t<div class=\"elementor-element elementor-element-fc2cc91 elementor-position-left elementor-vertical-align-middle elementor-widget elementor-widget-image-box\" data-id=\"fc2cc91\" data-element_type=\"widget\" data-widget_type=\"image-box.default\">\n\t\t\t\t<div class=\"elementor-widget-container\">\n\t\t\t<div class=\"elementor-image-box-wrapper\"><div class=\"elementor-image-box-content\"><h3 class=\"elementor-image-box-title\"> Fax virtuel<\/h3><p class=\"elementor-image-box-description\">Recevez les fax directement sur votre boite mail : ils sont automatiquement convertis au format PDF. Vous pouvez les consulter n\u2019importe o\u00f9, les transf\u00e9rer, les archiver\u2026\n<\/p><\/div><\/div>\t\t<\/div>\n\t\t\t\t<\/div>\n\t\t\t\t<div class=\"elementor-element elementor-element-38e0c58 elementor-position-left elementor-vertical-align-middle elementor-widget elementor-widget-image-box\" data-id=\"38e0c58\" data-element_type=\"widget\" data-widget_type=\"image-box.default\">\n\t\t\t\t<div class=\"elementor-widget-container\">\n\t\t\t<div class=\"elementor-image-box-wrapper\"><div class=\"elementor-image-box-content\"><h3 class=\"elementor-image-box-title\">Appels vid\u00e9o<\/h3><p class=\"elementor-image-box-description\">Joignez vos interlocuteurs en vid\u00e9o sur leur PC, leur smartphone, leur tablette. Vous utilisez un visiophone ou un portier vid\u00e9o pour votre bureau ? Transf\u00e9rez les vid\u00e9os directement sur votre smartphone !<\/p><\/div><\/div>\t\t<\/div>\n\t\t\t\t<\/div>\n\t\t\t\t<div class=\"elementor-element elementor-element-fcf7cb2 elementor-position-left elementor-vertical-align-middle elementor-widget elementor-widget-image-box\" data-id=\"fcf7cb2\" data-element_type=\"widget\" data-widget_type=\"image-box.default\">\n\t\t\t\t<div class=\"elementor-widget-container\">\n\t\t\t<div class=\"elementor-image-box-wrapper\"><div class=\"elementor-image-box-content\"><h3 class=\"elementor-image-box-title\">Numero Unique (One number)<\/h3><p class=\"elementor-image-box-description\">Un seul num\u00e9ro \u00e0 communiquer \u00e0 tous vos contacts : les appels sont rout\u00e9s vers votre poste fixe, votre mobile, votre softphone ou votre messagerie selon vos instructions.<\/p><\/div><\/div>\t\t<\/div>\n\t\t\t\t<\/div>\n\t\t\t\t<div class=\"elementor-element elementor-element-64a462e elementor-position-left elementor-vertical-align-middle elementor-widget elementor-widget-image-box\" data-id=\"64a462e\" data-element_type=\"widget\" data-widget_type=\"image-box.default\">\n\t\t\t\t<div class=\"elementor-widget-container\">\n\t\t\t<div class=\"elementor-image-box-wrapper\"><div class=\"elementor-image-box-content\"><h3 class=\"elementor-image-box-title\">Softphone<\/h3><p class=\"elementor-image-box-description\">Transformez votre PC en t\u00e9l\u00e9phone avec un simple logiciel et b\u00e9n\u00e9ficiez de nombreux services suppl\u00e9mentaires.<\/p><\/div><\/div>\t\t<\/div>\n\t\t\t\t<\/div>\n\t\t\t\t\t\t<\/div>\n\t\t\t\t\t<\/div>\n\t\t<\/div>\n\t\t\t\t<div class=\"elementor-column elementor-col-50 elementor-inner-column elementor-element elementor-element-6efdb35\" data-id=\"6efdb35\" data-element_type=\"column\">\n\t\t\t<div class=\"elementor-column-wrap elementor-element-populated\">\n\t\t\t\t\t\t\t<div class=\"elementor-widget-wrap\">\n\t\t\t\t\t\t<div class=\"elementor-element elementor-element-227a9ae elementor-position-left elementor-vertical-align-middle elementor-widget elementor-widget-image-box\" data-id=\"227a9ae\" data-element_type=\"widget\" data-widget_type=\"image-box.default\">\n\t\t\t\t<div class=\"elementor-widget-container\">\n\t\t\t<div class=\"elementor-image-box-wrapper\"><div class=\"elementor-image-box-content\"><h3 class=\"elementor-image-box-title\">Messagerie vocale personnalis\u00e9e<\/h3><p class=\"elementor-image-box-description\">Cr\u00e9ez vos annonces de messagerie et recevez les messages de vos correspondants directement sur votre boite mail.<br><\/p><\/div><\/div>\t\t<\/div>\n\t\t\t\t<\/div>\n\t\t\t\t<div class=\"elementor-element elementor-element-ae667bc elementor-position-left elementor-vertical-align-middle elementor-widget elementor-widget-image-box\" data-id=\"ae667bc\" data-element_type=\"widget\" data-widget_type=\"image-box.default\">\n\t\t\t\t<div class=\"elementor-widget-container\">\n\t\t\t<div class=\"elementor-image-box-wrapper\"><div class=\"elementor-image-box-content\"><h3 class=\"elementor-image-box-title\">Conf\u00e9rence t\u00e9l\u00e9phonique<\/h3><p class=\"elementor-image-box-description\">Communiquez \u00e0 vos interlocuteurs un num\u00e9ro et un code PIN pour rejoindre la conf\u00e9rence, soyez avertis des arrivants et des sortants.<\/p><\/div><\/div>\t\t<\/div>\n\t\t\t\t<\/div>\n\t\t\t\t<div class=\"elementor-element elementor-element-32859cb elementor-position-left elementor-vertical-align-middle elementor-widget elementor-widget-image-box\" data-id=\"32859cb\" data-element_type=\"widget\" data-widget_type=\"image-box.default\">\n\t\t\t\t<div class=\"elementor-widget-container\">\n\t\t\t<div class=\"elementor-image-box-wrapper\"><div class=\"elementor-image-box-content\"><h3 class=\"elementor-image-box-title\">Conf\u00e9rence vid\u00e9o<\/h3><p class=\"elementor-image-box-description\">Participez \u00e0 trois \u00e0 une conf\u00e9rence vid\u00e9o depuis votre poste t\u00e9l\u00e9phonique vid\u00e9o. Vos interlocuteurs peuvent suivre la conf\u00e9rence sur leur poste vid\u00e9o, leur PC, leur smartphone ou leur tablette.<\/p><\/div><\/div>\t\t<\/div>\n\t\t\t\t<\/div>\n\t\t\t\t<div class=\"elementor-element elementor-element-06a9624 elementor-position-left elementor-vertical-align-middle elementor-widget elementor-widget-image-box\" data-id=\"06a9624\" data-element_type=\"widget\" data-widget_type=\"image-box.default\">\n\t\t\t\t<div class=\"elementor-widget-container\">\n\t\t\t<div class=\"elementor-image-box-wrapper\"><div class=\"elementor-image-box-content\"><h3 class=\"elementor-image-box-title\"> Gestionnaire de Pr\u00e9sence<\/h3><p class=\"elementor-image-box-description\">Votre standard vous permet de voir imm\u00e9diatement qui est en ligne ainsi que le statut de vos collaborateurs : ne pas d\u00e9ranger, pause d\u00e9jeuner, en r\u00e9union\u2026<\/p><\/div><\/div>\t\t<\/div>\n\t\t\t\t<\/div>\n\t\t\t\t<div class=\"elementor-element elementor-element-dcfd203 elementor-position-left elementor-vertical-align-middle elementor-widget elementor-widget-image-box\" data-id=\"dcfd203\" data-element_type=\"widget\" data-widget_type=\"image-box.default\">\n\t\t\t\t<div class=\"elementor-widget-container\">\n\t\t\t<div class=\"elementor-image-box-wrapper\"><div class=\"elementor-image-box-content\"><h3 class=\"elementor-image-box-title\">Messagerie Instantan\u00e9e<\/h3><p class=\"elementor-image-box-description\">Partagez des messages en chat interne \u00e0 votre ou vos coll\u00e8gues quel que soit l\u2019endroit o\u00f9 vous vous trouvez.<\/p><\/div><\/div>\t\t<\/div>\n\t\t\t\t<\/div>\n\t\t\t\t\t\t<\/div>\n\t\t\t\t\t<\/div>\n\t\t<\/div>\n\t\t\t\t\t\t\t\t<\/div>\n\t\t\t\t\t<\/div>\n\t\t<\/section>\n\t\t\t\t\t\t<\/div>\n\t\t\t\t\t<\/div>\n\t\t<\/div>\n\t\t\t\t\t\t\t\t<\/div>\n\t\t\t\t\t<\/div>\n\t\t<\/section>\n\t\t\t\t\t\t<\/div>\n\t\t\t\t\t\t<\/div>\n\t\t\t\t\t<\/div>\n\t\t","protected":false},"excerpt":{"rendered":"<p>Les fonctionnalit\u00e9s de la t\u00e9l\u00e9phonie ip Serveur Vocal Interactif \u201cPour joindre le service commercial, tapez 1\u2026\u201d. Les appels sont directement rout\u00e9s aux services et collaborateurs concern\u00e9s. Fax virtuel Recevez les fax directement sur votre boite mail : ils sont automatiquement convertis au format PDF. Vous pouvez les consulter n\u2019importe o\u00f9, les transf\u00e9rer, les archiver\u2026 Appels [&hellip;]<\/p>\n","protected":false},"author":1,"featured_media":0,"parent":0,"menu_order":0,"comment_status":"closed","ping_status":"closed","template":"elementor_header_footer","meta":[],"yoast_head":"<!-- This site is optimized with the Yoast SEO plugin v16.1.1 - https:\/\/yoast.com\/wordpress\/plugins\/seo\/ -->\n<title>Toutes les fonctionnalit\u00e9s - 5IS<\/title>\n<link rel=\"canonical\" href=\"https:\/\/dev.5istelecom.fr\/index.php\/toutes-les-fonctionnalites\/\" \/>\n<meta property=\"og:locale\" content=\"fr_FR\" \/>\n<meta property=\"og:type\" content=\"article\" \/>\n<meta property=\"og:title\" content=\"Toutes les fonctionnalit\u00e9s - 5IS\" \/>\n<meta property=\"og:description\" content=\"Les fonctionnalit\u00e9s de la t\u00e9l\u00e9phonie ip Serveur Vocal Interactif \u201cPour joindre le service commercial, tapez 1\u2026\u201d. Les appels sont directement rout\u00e9s aux services et collaborateurs concern\u00e9s. Fax virtuel Recevez les fax directement sur votre boite mail : ils sont automatiquement convertis au format PDF. Vous pouvez les consulter n\u2019importe o\u00f9, les transf\u00e9rer, les archiver\u2026 Appels [&hellip;]\" \/>\n<meta property=\"og:url\" content=\"https:\/\/dev.5istelecom.fr\/index.php\/toutes-les-fonctionnalites\/\" \/>\n<meta property=\"og:site_name\" content=\"5IS\" \/>\n<meta property=\"article:modified_time\" content=\"2021-07-15T09:17:49+00:00\" \/>\n<meta name=\"twitter:card\" content=\"summary_large_image\" \/>\n<meta name=\"twitter:label1\" content=\"Dur\u00e9e de lecture est.\">\n\t<meta name=\"twitter:data1\" content=\"2 minutes\">\n<script type=\"application\/ld+json\" class=\"yoast-schema-graph\">{\"@context\":\"https:\/\/schema.org\",\"@graph\":[{\"@type\":\"WebSite\",\"@id\":\"https:\/\/dev.5istelecom.fr\/#website\",\"url\":\"https:\/\/dev.5istelecom.fr\/\",\"name\":\"5IS\",\"description\":\"\",\"potentialAction\":[{\"@type\":\"SearchAction\",\"target\":\"https:\/\/dev.5istelecom.fr\/?s={search_term_string}\",\"query-input\":\"required name=search_term_string\"}],\"inLanguage\":\"fr-FR\"},{\"@type\":\"WebPage\",\"@id\":\"https:\/\/dev.5istelecom.fr\/index.php\/toutes-les-fonctionnalites\/#webpage\",\"url\":\"https:\/\/dev.5istelecom.fr\/index.php\/toutes-les-fonctionnalites\/\",\"name\":\"Toutes les fonctionnalit\\u00e9s - 5IS\",\"isPartOf\":{\"@id\":\"https:\/\/dev.5istelecom.fr\/#website\"},\"datePublished\":\"2021-04-12T15:05:41+00:00\",\"dateModified\":\"2021-07-15T09:17:49+00:00\",\"breadcrumb\":{\"@id\":\"https:\/\/dev.5istelecom.fr\/index.php\/toutes-les-fonctionnalites\/#breadcrumb\"},\"inLanguage\":\"fr-FR\",\"potentialAction\":[{\"@type\":\"ReadAction\",\"target\":[\"https:\/\/dev.5istelecom.fr\/index.php\/toutes-les-fonctionnalites\/\"]}]},{\"@type\":\"BreadcrumbList\",\"@id\":\"https:\/\/dev.5istelecom.fr\/index.php\/toutes-les-fonctionnalites\/#breadcrumb\",\"itemListElement\":[{\"@type\":\"ListItem\",\"position\":1,\"item\":{\"@type\":\"WebPage\",\"@id\":\"https:\/\/dev.5istelecom.fr\/\",\"url\":\"https:\/\/dev.5istelecom.fr\/\",\"name\":\"Accueil\"}},{\"@type\":\"ListItem\",\"position\":2,\"item\":{\"@type\":\"WebPage\",\"@id\":\"https:\/\/dev.5istelecom.fr\/index.php\/toutes-les-fonctionnalites\/\",\"url\":\"https:\/\/dev.5istelecom.fr\/index.php\/toutes-les-fonctionnalites\/\",\"name\":\"Toutes les fonctionnalit\\u00e9s\"}}]}]}<\/script>\n<!-- \/ Yoast SEO plugin. -->","_links":{"self":[{"href":"https:\/\/dev.5istelecom.fr\/index.php\/wp-json\/wp\/v2\/pages\/2947"}],"collection":[{"href":"https:\/\/dev.5istelecom.fr\/index.php\/wp-json\/wp\/v2\/pages"}],"about":[{"href":"https:\/\/dev.5istelecom.fr\/index.php\/wp-json\/wp\/v2\/types\/page"}],"author":[{"embeddable":true,"href":"https:\/\/dev.5istelecom.fr\/index.php\/wp-json\/wp\/v2\/users\/1"}],"replies":[{"embeddable":true,"href":"https:\/\/dev.5istelecom.fr\/index.php\/wp-json\/wp\/v2\/comments?post=2947"}],"version-history":[{"count":16,"href":"https:\/\/dev.5istelecom.fr\/index.php\/wp-json\/wp\/v2\/pages\/2947\/revisions"}],"predecessor-version":[{"id":4068,"href":"https:\/\/dev.5istelecom.fr\/index.php\/wp-json\/wp\/v2\/pages\/2947\/revisions\/4068"}],"wp:attachment":[{"href":"https:\/\/dev.5istelecom.fr\/index.php\/wp-json\/wp\/v2\/media?parent=2947"}],"curies":[{"name":"wp","href":"https:\/\/api.w.org\/{rel}","templated":true}]}}