{"id":2241,"date":"2021-04-01T12:13:33","date_gmt":"2021-04-01T10:13:33","guid":{"rendered":"https:\/\/dev.5istelecom.fr\/?page_id=2241"},"modified":"2021-12-31T10:04:42","modified_gmt":"2021-12-31T09:04:42","slug":"vpn","status":"publish","type":"page","link":"https:\/\/dev.5istelecom.fr\/index.php\/vpn\/","title":{"rendered":"VPN"},"content":{"rendered":"\t\t<div data-elementor-type=\"wp-page\" data-elementor-id=\"2241\" class=\"elementor elementor-2241\" data-elementor-settings=\"[]\">\n\t\t\t\t\t\t<div class=\"elementor-inner\">\n\t\t\t\t\t\t\t<div class=\"elementor-section-wrap\">\n\t\t\t\t\t\t\t<section class=\"elementor-section elementor-top-section elementor-element elementor-element-3e1c9f8 elementor-section-height-min-height elementor-section-content-middle elementor-section-boxed elementor-section-height-default elementor-section-items-middle\" data-id=\"3e1c9f8\" data-element_type=\"section\" data-settings=\"{&quot;background_background&quot;:&quot;classic&quot;}\">\n\t\t\t\t\t\t<div class=\"elementor-container elementor-column-gap-default\">\n\t\t\t\t\t\t\t<div class=\"elementor-row\">\n\t\t\t\t\t<div class=\"elementor-column elementor-col-100 elementor-top-column elementor-element elementor-element-2bf9bc6\" data-id=\"2bf9bc6\" data-element_type=\"column\">\n\t\t\t<div class=\"elementor-column-wrap elementor-element-populated\">\n\t\t\t\t\t\t\t<div class=\"elementor-widget-wrap\">\n\t\t\t\t\t\t<section class=\"elementor-section elementor-inner-section elementor-element elementor-element-316b9a4 elementor-section-boxed elementor-section-height-default elementor-section-height-default\" data-id=\"316b9a4\" data-element_type=\"section\">\n\t\t\t\t\t\t<div class=\"elementor-container elementor-column-gap-default\">\n\t\t\t\t\t\t\t<div class=\"elementor-row\">\n\t\t\t\t\t<div class=\"elementor-column elementor-col-100 elementor-inner-column elementor-element elementor-element-673e90f\" data-id=\"673e90f\" data-element_type=\"column\">\n\t\t\t<div class=\"elementor-column-wrap elementor-element-populated\">\n\t\t\t\t\t\t\t<div class=\"elementor-widget-wrap\">\n\t\t\t\t\t\t<div class=\"elementor-element elementor-element-dedb1b1 elementor-widget elementor-widget-heading\" data-id=\"dedb1b1\" data-element_type=\"widget\" data-widget_type=\"heading.default\">\n\t\t\t\t<div class=\"elementor-widget-container\">\n\t\t\t<h2 class=\"elementor-heading-title elementor-size-default\">VPN :<\/h2>\t\t<\/div>\n\t\t\t\t<\/div>\n\t\t\t\t<div class=\"elementor-element elementor-element-f83c7e8 elementor-widget elementor-widget-heading\" data-id=\"f83c7e8\" data-element_type=\"widget\" data-widget_type=\"heading.default\">\n\t\t\t\t<div class=\"elementor-widget-container\">\n\t\t\t<h3 class=\"elementor-heading-title elementor-size-large\">vos sites distants s\u00e9curis\u00e9s<\/h3>\t\t<\/div>\n\t\t\t\t<\/div>\n\t\t\t\t\t\t<\/div>\n\t\t\t\t\t<\/div>\n\t\t<\/div>\n\t\t\t\t\t\t\t\t<\/div>\n\t\t\t\t\t<\/div>\n\t\t<\/section>\n\t\t\t\t\t\t<\/div>\n\t\t\t\t\t<\/div>\n\t\t<\/div>\n\t\t\t\t\t\t\t\t<\/div>\n\t\t\t\t\t<\/div>\n\t\t<\/section>\n\t\t\t\t<section class=\"elementor-section elementor-top-section elementor-element elementor-element-2c5e8a1 elementor-section-content-middle elementor-section-boxed elementor-section-height-default elementor-section-height-default\" data-id=\"2c5e8a1\" data-element_type=\"section\">\n\t\t\t\t\t\t<div class=\"elementor-container elementor-column-gap-no\">\n\t\t\t\t\t\t\t<div class=\"elementor-row\">\n\t\t\t\t\t<div class=\"elementor-column elementor-col-33 elementor-top-column elementor-element elementor-element-7e22931\" data-id=\"7e22931\" data-element_type=\"column\">\n\t\t\t<div class=\"elementor-column-wrap elementor-element-populated\">\n\t\t\t\t\t\t\t<div class=\"elementor-widget-wrap\">\n\t\t\t\t\t\t<div class=\"elementor-element elementor-element-09b66eb elementor-widget elementor-widget-image\" data-id=\"09b66eb\" data-element_type=\"widget\" data-widget_type=\"image.default\">\n\t\t\t\t<div class=\"elementor-widget-container\">\n\t\t\t\t\t<div class=\"elementor-image\">\n\t\t\t\t\t\t\t\t\t\t<img width=\"800\" height=\"534\" src=\"https:\/\/dev.5istelecom.fr\/wp-content\/uploads\/2021\/12\/vpn-2-1024x683.png\" class=\"attachment-large size-large\" alt=\"\" loading=\"lazy\" srcset=\"https:\/\/dev.5istelecom.fr\/wp-content\/uploads\/2021\/12\/vpn-2-1024x683.png 1024w, https:\/\/dev.5istelecom.fr\/wp-content\/uploads\/2021\/12\/vpn-2-300x200.png 300w, https:\/\/dev.5istelecom.fr\/wp-content\/uploads\/2021\/12\/vpn-2-768x512.png 768w, https:\/\/dev.5istelecom.fr\/wp-content\/uploads\/2021\/12\/vpn-2-1536x1024.png 1536w, https:\/\/dev.5istelecom.fr\/wp-content\/uploads\/2021\/12\/vpn-2-2048x1365.png 2048w\" sizes=\"(max-width: 800px) 100vw, 800px\" \/>\t\t\t\t\t\t\t\t\t\t\t<\/div>\n\t\t\t\t<\/div>\n\t\t\t\t<\/div>\n\t\t\t\t\t\t<\/div>\n\t\t\t\t\t<\/div>\n\t\t<\/div>\n\t\t\t\t<div class=\"elementor-column elementor-col-33 elementor-top-column elementor-element elementor-element-e2d4712\" data-id=\"e2d4712\" data-element_type=\"column\">\n\t\t\t<div class=\"elementor-column-wrap\">\n\t\t\t\t\t\t\t<div class=\"elementor-widget-wrap\">\n\t\t\t\t\t\t\t\t<\/div>\n\t\t\t\t\t<\/div>\n\t\t<\/div>\n\t\t\t\t<div class=\"elementor-column elementor-col-33 elementor-top-column elementor-element elementor-element-88b848c\" data-id=\"88b848c\" data-element_type=\"column\">\n\t\t\t<div class=\"elementor-column-wrap elementor-element-populated\">\n\t\t\t\t\t\t\t<div class=\"elementor-widget-wrap\">\n\t\t\t\t\t\t<div class=\"elementor-element elementor-element-743d6e3 elementor-widget elementor-widget-heading\" data-id=\"743d6e3\" data-element_type=\"widget\" data-widget_type=\"heading.default\">\n\t\t\t\t<div class=\"elementor-widget-container\">\n\t\t\t<h2 class=\"elementor-heading-title elementor-size-default\">Pourquoi utiliser un VPN ?<\/h2>\t\t<\/div>\n\t\t\t\t<\/div>\n\t\t\t\t<div class=\"elementor-element elementor-element-d0eb9c5 elementor-widget elementor-widget-text-editor\" data-id=\"d0eb9c5\" data-element_type=\"widget\" data-widget_type=\"text-editor.default\">\n\t\t\t\t<div class=\"elementor-widget-container\">\n\t\t\t\t\t<div class=\"elementor-text-editor elementor-clearfix\"><p>Avec l&#8217;engouement pour le travail nomade ainsi que la d\u00e9centralisation des infrastructures, l&#8217;utilisation d&#8217;un VPN s&#8217;impose comme la meilleure solution afin de b\u00e9n\u00e9ficier d&#8217;un r\u00e9seau multisites priv\u00e9 tout en assurant la protection des donn\u00e9es d&#8217;entreprise.<\/p><\/div>\n\t\t\t\t<\/div>\n\t\t\t\t<\/div>\n\t\t\t\t\t\t<\/div>\n\t\t\t\t\t<\/div>\n\t\t<\/div>\n\t\t\t\t\t\t\t\t<\/div>\n\t\t\t\t\t<\/div>\n\t\t<\/section>\n\t\t\t\t<section class=\"elementor-section elementor-top-section elementor-element elementor-element-65e755f elementor-section-boxed elementor-section-height-default elementor-section-height-default\" data-id=\"65e755f\" data-element_type=\"section\">\n\t\t\t\t\t\t<div class=\"elementor-container elementor-column-gap-default\">\n\t\t\t\t\t\t\t<div class=\"elementor-row\">\n\t\t\t\t\t<div class=\"elementor-column elementor-col-100 elementor-top-column elementor-element elementor-element-6738f28\" data-id=\"6738f28\" data-element_type=\"column\">\n\t\t\t<div class=\"elementor-column-wrap elementor-element-populated\">\n\t\t\t\t\t\t\t<div class=\"elementor-widget-wrap\">\n\t\t\t\t\t\t<div class=\"elementor-element elementor-element-65c1c63 elementor-widget elementor-widget-heading\" data-id=\"65c1c63\" data-element_type=\"widget\" data-widget_type=\"heading.default\">\n\t\t\t\t<div class=\"elementor-widget-container\">\n\t\t\t<h2 class=\"elementor-heading-title elementor-size-default\">LES SOLUTIONS<\/h2>\t\t<\/div>\n\t\t\t\t<\/div>\n\t\t\t\t<div class=\"elementor-element elementor-element-789a68a elementor-widget elementor-widget-text-editor\" data-id=\"789a68a\" data-element_type=\"widget\" data-widget_type=\"text-editor.default\">\n\t\t\t\t<div class=\"elementor-widget-container\">\n\t\t\t\t\t<div class=\"elementor-text-editor elementor-clearfix\"><p><b>Interconnexion de site, VPN MPLS : <\/b>Gr\u00e2ce \u00e0 un r\u00e9seau priv\u00e9 virtuel, faites transiter vos donn\u00e9es de mani\u00e8re s\u00e9curis\u00e9e en raccordant les diff\u00e9rents sites de votre entreprise. Ceux-ci sont reli\u00e9s comme s&#8217;ils appartenaient tous au m\u00eame r\u00e9seau local.<\/p><p><strong>Acc\u00e8s nomade, VPN IPsec :<\/strong>\u00a0Gr\u00e2ce \u00e0 votre logiciel VPN et \u00e0 une simple connexion internet, acc\u00e9dez en toute s\u00e9curit\u00e9 \u00e0 votre r\u00e9seau d&#8217;entreprise \u00e0 distance.<\/p><\/div>\n\t\t\t\t<\/div>\n\t\t\t\t<\/div>\n\t\t\t\t<div class=\"elementor-element elementor-element-3aaa348 elementor-widget elementor-widget-spacer\" data-id=\"3aaa348\" data-element_type=\"widget\" data-widget_type=\"spacer.default\">\n\t\t\t\t<div class=\"elementor-widget-container\">\n\t\t\t\t\t<div class=\"elementor-spacer\">\n\t\t\t<div class=\"elementor-spacer-inner\"><\/div>\n\t\t<\/div>\n\t\t\t\t<\/div>\n\t\t\t\t<\/div>\n\t\t\t\t\t\t<\/div>\n\t\t\t\t\t<\/div>\n\t\t<\/div>\n\t\t\t\t\t\t\t\t<\/div>\n\t\t\t\t\t<\/div>\n\t\t<\/section>\n\t\t\t\t\t\t<\/div>\n\t\t\t\t\t\t<\/div>\n\t\t\t\t\t<\/div>\n\t\t","protected":false},"excerpt":{"rendered":"<p>VPN : vos sites distants s\u00e9curis\u00e9s Pourquoi utiliser un VPN ? Avec l&#8217;engouement pour le travail nomade ainsi que la d\u00e9centralisation des infrastructures, l&#8217;utilisation d&#8217;un VPN s&#8217;impose comme la meilleure solution afin de b\u00e9n\u00e9ficier d&#8217;un r\u00e9seau multisites priv\u00e9 tout en assurant la protection des donn\u00e9es d&#8217;entreprise. LES SOLUTIONS Interconnexion de site, VPN MPLS : Gr\u00e2ce [&hellip;]<\/p>\n","protected":false},"author":1,"featured_media":0,"parent":0,"menu_order":0,"comment_status":"closed","ping_status":"closed","template":"elementor_header_footer","meta":[],"yoast_head":"<!-- This site is optimized with the Yoast SEO plugin v16.1.1 - https:\/\/yoast.com\/wordpress\/plugins\/seo\/ -->\n<title>VPN - 5IS<\/title>\n<link rel=\"canonical\" href=\"https:\/\/dev.5istelecom.fr\/index.php\/vpn\/\" \/>\n<meta property=\"og:locale\" content=\"fr_FR\" \/>\n<meta property=\"og:type\" content=\"article\" \/>\n<meta property=\"og:title\" content=\"VPN - 5IS\" \/>\n<meta property=\"og:description\" content=\"VPN : vos sites distants s\u00e9curis\u00e9s Pourquoi utiliser un VPN ? Avec l&#8217;engouement pour le travail nomade ainsi que la d\u00e9centralisation des infrastructures, l&#8217;utilisation d&#8217;un VPN s&#8217;impose comme la meilleure solution afin de b\u00e9n\u00e9ficier d&#8217;un r\u00e9seau multisites priv\u00e9 tout en assurant la protection des donn\u00e9es d&#8217;entreprise. LES SOLUTIONS Interconnexion de site, VPN MPLS : Gr\u00e2ce [&hellip;]\" \/>\n<meta property=\"og:url\" content=\"https:\/\/dev.5istelecom.fr\/index.php\/vpn\/\" \/>\n<meta property=\"og:site_name\" content=\"5IS\" \/>\n<meta property=\"article:modified_time\" content=\"2021-12-31T09:04:42+00:00\" \/>\n<meta property=\"og:image\" content=\"https:\/\/dev.5istelecom.fr\/wp-content\/uploads\/2021\/12\/vpn-2-1024x683.png\" \/>\n<meta name=\"twitter:card\" content=\"summary_large_image\" \/>\n<meta name=\"twitter:label1\" content=\"Dur\u00e9e de lecture est.\">\n\t<meta name=\"twitter:data1\" content=\"1 minute\">\n<script type=\"application\/ld+json\" class=\"yoast-schema-graph\">{\"@context\":\"https:\/\/schema.org\",\"@graph\":[{\"@type\":\"WebSite\",\"@id\":\"https:\/\/dev.5istelecom.fr\/#website\",\"url\":\"https:\/\/dev.5istelecom.fr\/\",\"name\":\"5IS\",\"description\":\"\",\"potentialAction\":[{\"@type\":\"SearchAction\",\"target\":\"https:\/\/dev.5istelecom.fr\/?s={search_term_string}\",\"query-input\":\"required name=search_term_string\"}],\"inLanguage\":\"fr-FR\"},{\"@type\":\"ImageObject\",\"@id\":\"https:\/\/dev.5istelecom.fr\/index.php\/vpn\/#primaryimage\",\"inLanguage\":\"fr-FR\",\"url\":\"https:\/\/dev.5istelecom.fr\/wp-content\/uploads\/2021\/12\/vpn-2.png\",\"contentUrl\":\"https:\/\/dev.5istelecom.fr\/wp-content\/uploads\/2021\/12\/vpn-2.png\",\"width\":5157,\"height\":3438},{\"@type\":\"WebPage\",\"@id\":\"https:\/\/dev.5istelecom.fr\/index.php\/vpn\/#webpage\",\"url\":\"https:\/\/dev.5istelecom.fr\/index.php\/vpn\/\",\"name\":\"VPN - 5IS\",\"isPartOf\":{\"@id\":\"https:\/\/dev.5istelecom.fr\/#website\"},\"primaryImageOfPage\":{\"@id\":\"https:\/\/dev.5istelecom.fr\/index.php\/vpn\/#primaryimage\"},\"datePublished\":\"2021-04-01T10:13:33+00:00\",\"dateModified\":\"2021-12-31T09:04:42+00:00\",\"breadcrumb\":{\"@id\":\"https:\/\/dev.5istelecom.fr\/index.php\/vpn\/#breadcrumb\"},\"inLanguage\":\"fr-FR\",\"potentialAction\":[{\"@type\":\"ReadAction\",\"target\":[\"https:\/\/dev.5istelecom.fr\/index.php\/vpn\/\"]}]},{\"@type\":\"BreadcrumbList\",\"@id\":\"https:\/\/dev.5istelecom.fr\/index.php\/vpn\/#breadcrumb\",\"itemListElement\":[{\"@type\":\"ListItem\",\"position\":1,\"item\":{\"@type\":\"WebPage\",\"@id\":\"https:\/\/dev.5istelecom.fr\/\",\"url\":\"https:\/\/dev.5istelecom.fr\/\",\"name\":\"Accueil\"}},{\"@type\":\"ListItem\",\"position\":2,\"item\":{\"@type\":\"WebPage\",\"@id\":\"https:\/\/dev.5istelecom.fr\/index.php\/vpn\/\",\"url\":\"https:\/\/dev.5istelecom.fr\/index.php\/vpn\/\",\"name\":\"VPN\"}}]}]}<\/script>\n<!-- \/ Yoast SEO plugin. -->","_links":{"self":[{"href":"https:\/\/dev.5istelecom.fr\/index.php\/wp-json\/wp\/v2\/pages\/2241"}],"collection":[{"href":"https:\/\/dev.5istelecom.fr\/index.php\/wp-json\/wp\/v2\/pages"}],"about":[{"href":"https:\/\/dev.5istelecom.fr\/index.php\/wp-json\/wp\/v2\/types\/page"}],"author":[{"embeddable":true,"href":"https:\/\/dev.5istelecom.fr\/index.php\/wp-json\/wp\/v2\/users\/1"}],"replies":[{"embeddable":true,"href":"https:\/\/dev.5istelecom.fr\/index.php\/wp-json\/wp\/v2\/comments?post=2241"}],"version-history":[{"count":163,"href":"https:\/\/dev.5istelecom.fr\/index.php\/wp-json\/wp\/v2\/pages\/2241\/revisions"}],"predecessor-version":[{"id":4279,"href":"https:\/\/dev.5istelecom.fr\/index.php\/wp-json\/wp\/v2\/pages\/2241\/revisions\/4279"}],"wp:attachment":[{"href":"https:\/\/dev.5istelecom.fr\/index.php\/wp-json\/wp\/v2\/media?parent=2241"}],"curies":[{"name":"wp","href":"https:\/\/api.w.org\/{rel}","templated":true}]}}