{"id":189,"date":"2021-02-04T15:12:07","date_gmt":"2021-02-04T14:12:07","guid":{"rendered":"https:\/\/dev.5istelecom.fr\/?page_id=189"},"modified":"2021-05-03T08:54:24","modified_gmt":"2021-05-03T06:54:24","slug":"telephonie","status":"publish","type":"page","link":"https:\/\/dev.5istelecom.fr\/index.php\/telephonie\/","title":{"rendered":"T\u00e9l\u00e9phonie IP"},"content":{"rendered":"\t\t<div data-elementor-type=\"wp-page\" data-elementor-id=\"189\" class=\"elementor elementor-189\" data-elementor-settings=\"[]\">\n\t\t\t\t\t\t<div class=\"elementor-inner\">\n\t\t\t\t\t\t\t<div class=\"elementor-section-wrap\">\n\t\t\t\t\t\t\t<section class=\"elementor-section elementor-top-section elementor-element elementor-element-2a1f3228 elementor-section-content-middle elementor-reverse-mobile elementor-section-height-min-height elementor-section-boxed elementor-section-height-default elementor-section-items-middle\" data-id=\"2a1f3228\" data-element_type=\"section\" data-settings=\"{&quot;background_background&quot;:&quot;classic&quot;}\">\n\t\t\t\t\t\t<div class=\"elementor-container elementor-column-gap-default\">\n\t\t\t\t\t\t\t<div class=\"elementor-row\">\n\t\t\t\t\t<div class=\"elementor-column elementor-col-50 elementor-top-column elementor-element elementor-element-75f79f59\" data-id=\"75f79f59\" data-element_type=\"column\">\n\t\t\t<div class=\"elementor-column-wrap elementor-element-populated\">\n\t\t\t\t\t\t\t<div class=\"elementor-widget-wrap\">\n\t\t\t\t\t\t<div class=\"elementor-element elementor-element-683b477b elementor-widget__width-initial elementor-widget-tablet__width-initial elementor-view-default elementor-vertical-align-top elementor-widget elementor-widget-icon-box\" data-id=\"683b477b\" data-element_type=\"widget\" data-widget_type=\"icon-box.default\">\n\t\t\t\t<div class=\"elementor-widget-container\">\n\t\t\t\t\t<div class=\"elementor-icon-box-wrapper\">\n\t\t\t\t\t\t<div class=\"elementor-icon-box-icon\">\n\t\t\t\t<span class=\"elementor-icon elementor-animation-\" >\n\t\t\t\t\t\t\t\t<\/span>\n\t\t\t<\/div>\n\t\t\t\t\t\t<div class=\"elementor-icon-box-content\">\n\t\t\t\t<h3 class=\"elementor-icon-box-title\">\n\t\t\t\t\t<span >Votre t\u00e9l\u00e9phonie cl\u00e9s en main<\/span>\n\t\t\t\t<\/h3>\n\t\t\t\t\t\t\t\t<p class=\"elementor-icon-box-description\">Experts en t\u00e9l\u00e9phonie d\u2019entreprise, 5IS s\u2019occupe de A \u00e0 Z de l\u2019installation de votre standard t\u00e9l\u00e9phonique. Nous vous accompagnons \u00e9tape par \u00e9tape dans l\u2019\u00e9quipement de votre entreprise, quelle que soit sa taille, selon un processus \u00e9prouv\u00e9 :<\/p>\n\t\t\t\t\t\t\t<\/div>\n\t\t<\/div>\n\t\t\t\t<\/div>\n\t\t\t\t<\/div>\n\t\t\t\t<div class=\"elementor-element elementor-element-08f1a5d elementor-widget elementor-widget-text-editor\" data-id=\"08f1a5d\" data-element_type=\"widget\" data-widget_type=\"text-editor.default\">\n\t\t\t\t<div class=\"elementor-widget-container\">\n\t\t\t\t\t<div class=\"elementor-text-editor elementor-clearfix\"><ul><li>Audit complet de l\u2019existant<\/li><li>Analyse de vos besoins \u00e0 court, moyen et long termes<\/li><li>Recommandations des solutions et du mat\u00e9riel les mieux adapt\u00e9s \u00e0 votre situation actuelle et \u00e0 votre d\u00e9veloppement<\/li><li>Estimation budg\u00e9taire d\u00e9taill\u00e9e et planning<\/li><li>Installation<\/li><li>Mise en \u0153uvre et accompagnement au d\u00e9marrage<\/li><li>Suivi et service apr\u00e8s vente<\/li><\/ul><\/div>\n\t\t\t\t<\/div>\n\t\t\t\t<\/div>\n\t\t\t\t\t\t<\/div>\n\t\t\t\t\t<\/div>\n\t\t<\/div>\n\t\t\t\t<div class=\"elementor-column elementor-col-50 elementor-top-column elementor-element elementor-element-690add15\" data-id=\"690add15\" data-element_type=\"column\">\n\t\t\t<div class=\"elementor-column-wrap elementor-element-populated\">\n\t\t\t\t\t\t\t<div class=\"elementor-widget-wrap\">\n\t\t\t\t\t\t<div class=\"elementor-element elementor-element-a5825de elementor-hidden-tablet elementor-widget elementor-widget-image\" data-id=\"a5825de\" data-element_type=\"widget\" data-widget_type=\"image.default\">\n\t\t\t\t<div class=\"elementor-widget-container\">\n\t\t\t\t\t<div class=\"elementor-image\">\n\t\t\t\t\t\t\t\t\t\t<img width=\"572\" height=\"555\" src=\"https:\/\/dev.5istelecom.fr\/wp-content\/uploads\/2021\/03\/study_1.jpg\" class=\"attachment-large size-large\" alt=\"\" loading=\"lazy\" srcset=\"https:\/\/dev.5istelecom.fr\/wp-content\/uploads\/2021\/03\/study_1.jpg 572w, https:\/\/dev.5istelecom.fr\/wp-content\/uploads\/2021\/03\/study_1-300x291.jpg 300w\" sizes=\"(max-width: 572px) 100vw, 572px\" \/>\t\t\t\t\t\t\t\t\t\t\t<\/div>\n\t\t\t\t<\/div>\n\t\t\t\t<\/div>\n\t\t\t\t\t\t<\/div>\n\t\t\t\t\t<\/div>\n\t\t<\/div>\n\t\t\t\t\t\t\t\t<\/div>\n\t\t\t\t\t<\/div>\n\t\t<\/section>\n\t\t\t\t<section class=\"elementor-section elementor-top-section elementor-element elementor-element-d712a06 elementor-section-boxed elementor-section-height-default elementor-section-height-default\" data-id=\"d712a06\" data-element_type=\"section\">\n\t\t\t\t\t\t<div class=\"elementor-container elementor-column-gap-default\">\n\t\t\t\t\t\t\t<div class=\"elementor-row\">\n\t\t\t\t\t<div class=\"elementor-column elementor-col-100 elementor-top-column elementor-element elementor-element-2e48fb2\" data-id=\"2e48fb2\" data-element_type=\"column\">\n\t\t\t<div class=\"elementor-column-wrap elementor-element-populated\">\n\t\t\t\t\t\t\t<div class=\"elementor-widget-wrap\">\n\t\t\t\t\t\t<div class=\"elementor-element elementor-element-bb39508 elementor-widget elementor-widget-heading\" data-id=\"bb39508\" data-element_type=\"widget\" data-widget_type=\"heading.default\">\n\t\t\t\t<div class=\"elementor-widget-container\">\n\t\t\t<h3 class=\"elementor-heading-title elementor-size-large\">Les fonctionnalit\u00e9s cl\u00e9s\n<\/h3>\t\t<\/div>\n\t\t\t\t<\/div>\n\t\t\t\t<div class=\"elementor-element elementor-element-6dea6bf elementor-widget-divider--view-line elementor-widget elementor-widget-divider\" data-id=\"6dea6bf\" data-element_type=\"widget\" data-widget_type=\"divider.default\">\n\t\t\t\t<div class=\"elementor-widget-container\">\n\t\t\t\t\t<div class=\"elementor-divider\">\n\t\t\t<span class=\"elementor-divider-separator\">\n\t\t\t\t\t\t<\/span>\n\t\t<\/div>\n\t\t\t\t<\/div>\n\t\t\t\t<\/div>\n\t\t\t\t<section class=\"elementor-section elementor-inner-section elementor-element elementor-element-5acda11 elementor-section-boxed elementor-section-height-default elementor-section-height-default\" data-id=\"5acda11\" data-element_type=\"section\">\n\t\t\t\t\t\t<div class=\"elementor-container elementor-column-gap-wider\">\n\t\t\t\t\t\t\t<div class=\"elementor-row\">\n\t\t\t\t\t<div class=\"elementor-column elementor-col-50 elementor-inner-column elementor-element elementor-element-f308c58\" data-id=\"f308c58\" data-element_type=\"column\">\n\t\t\t<div class=\"elementor-column-wrap elementor-element-populated\">\n\t\t\t\t\t\t\t<div class=\"elementor-widget-wrap\">\n\t\t\t\t\t\t<div class=\"elementor-element elementor-element-ecef5e8 elementor-position-left elementor-vertical-align-middle elementor-widget elementor-widget-image-box\" data-id=\"ecef5e8\" data-element_type=\"widget\" data-widget_type=\"image-box.default\">\n\t\t\t\t<div class=\"elementor-widget-container\">\n\t\t\t<div class=\"elementor-image-box-wrapper\"><div class=\"elementor-image-box-content\"><h3 class=\"elementor-image-box-title\"><a href=\"https:\/\/dev.5istelecom.fr\/index.php\/standard-telephonique\/\">Standard t\u00e9l\u00e9phonique<\/a><\/h3><p class=\"elementor-image-box-description\">Afin de faciliter la prise en charge des appels, le standard t\u00e9l\u00e9phonique traite tous les appels de mani\u00e8re automatique gr\u00e2ce \u00e0 ses nombreuses fonctionnalit\u00e9s.\n\n\n<\/p><\/div><\/div>\t\t<\/div>\n\t\t\t\t<\/div>\n\t\t\t\t<div class=\"elementor-element elementor-element-dd66b78 elementor-position-left elementor-vertical-align-middle elementor-widget elementor-widget-image-box\" data-id=\"dd66b78\" data-element_type=\"widget\" data-widget_type=\"image-box.default\">\n\t\t\t\t<div class=\"elementor-widget-container\">\n\t\t\t<div class=\"elementor-image-box-wrapper\"><div class=\"elementor-image-box-content\"><h3 class=\"elementor-image-box-title\"><a href=\"https:\/\/dev.5istelecom.fr\/index.php\/application-mobile\/\">Application mobile<\/a><\/h3><p class=\"elementor-image-box-description\">WeeVo Phone vous permet d\u2019utiliser votre mobile comme votre t\u00e9l\u00e9phone fixe entreprise, exploiter les contacts de votre t\u00e9l\u00e9phone mobile et beaucoup plus encore...\n<\/p><\/div><\/div>\t\t<\/div>\n\t\t\t\t<\/div>\n\t\t\t\t<div class=\"elementor-element elementor-element-ec9115b elementor-position-left elementor-vertical-align-middle elementor-widget elementor-widget-image-box\" data-id=\"ec9115b\" data-element_type=\"widget\" data-widget_type=\"image-box.default\">\n\t\t\t\t<div class=\"elementor-widget-container\">\n\t\t\t<div class=\"elementor-image-box-wrapper\"><div class=\"elementor-image-box-content\"><h3 class=\"elementor-image-box-title\"><a href=\"https:\/\/dev.5istelecom.fr\/index.php\/enregistrement-des-appels\/\">Enregistrement des appels<\/a><\/h3><p class=\"elementor-image-box-description\">Enregistrez tous vos appels et t\u00e9l\u00e9chargez-les afin de les r\u00e9\u00e9couter et d'am\u00e9liorer votre service.<\/p><\/div><\/div>\t\t<\/div>\n\t\t\t\t<\/div>\n\t\t\t\t\t\t<\/div>\n\t\t\t\t\t<\/div>\n\t\t<\/div>\n\t\t\t\t<div class=\"elementor-column elementor-col-50 elementor-inner-column elementor-element elementor-element-6878e0b\" data-id=\"6878e0b\" data-element_type=\"column\">\n\t\t\t<div class=\"elementor-column-wrap elementor-element-populated\">\n\t\t\t\t\t\t\t<div class=\"elementor-widget-wrap\">\n\t\t\t\t\t\t<div class=\"elementor-element elementor-element-c47acc8 elementor-position-left elementor-vertical-align-middle elementor-widget elementor-widget-image-box\" data-id=\"c47acc8\" data-element_type=\"widget\" data-widget_type=\"image-box.default\">\n\t\t\t\t<div class=\"elementor-widget-container\">\n\t\t\t<div class=\"elementor-image-box-wrapper\"><div class=\"elementor-image-box-content\"><h3 class=\"elementor-image-box-title\"><a href=\"https:\/\/dev.5istelecom.fr\/index.php\/softphone\/\">Softphone<\/a><\/h3><p class=\"elementor-image-box-description\">Transformez votre PC en t\u00e9l\u00e9phone avec un simple logiciel et b\u00e9n\u00e9ficiez de nombreux services suppl\u00e9mentaires. <br><\/p><\/div><\/div>\t\t<\/div>\n\t\t\t\t<\/div>\n\t\t\t\t<div class=\"elementor-element elementor-element-f36fc2b elementor-position-left elementor-vertical-align-middle elementor-widget elementor-widget-image-box\" data-id=\"f36fc2b\" data-element_type=\"widget\" data-widget_type=\"image-box.default\">\n\t\t\t\t<div class=\"elementor-widget-container\">\n\t\t\t<div class=\"elementor-image-box-wrapper\"><div class=\"elementor-image-box-content\"><h3 class=\"elementor-image-box-title\"><a href=\"https:\/\/dev.5istelecom.fr\/index.php\/serveur-vocal-interactif\/\">SVI<\/a><\/h3><p class=\"elementor-image-box-description\">\"Pour joindre le service commercial, tapez 1...\". Les appels sont directement rout\u00e9s aux services et collaborateurs concern\u00e9s. <br><\/p><\/div><\/div>\t\t<\/div>\n\t\t\t\t<\/div>\n\t\t\t\t<div class=\"elementor-element elementor-element-63ebf70 elementor-position-left elementor-vertical-align-middle elementor-widget elementor-widget-image-box\" data-id=\"63ebf70\" data-element_type=\"widget\" data-widget_type=\"image-box.default\">\n\t\t\t\t<div class=\"elementor-widget-container\">\n\t\t\t<div class=\"elementor-image-box-wrapper\"><div class=\"elementor-image-box-content\"><h3 class=\"elementor-image-box-title\"><a href=\"https:\/\/dev.5istelecom.fr\/index.php\/logiciel-centre-dappel\/\">Logiciel centre d'appel<\/a><\/h3><p class=\"elementor-image-box-description\">Am\u00e9liorez la productivit\u00e9 t\u00e9l\u00e9phonique de votre entreprise gr\u00e2ce \u00e0 des outils de suivi en temps r\u00e9el de vos appels.<\/p><\/div><\/div>\t\t<\/div>\n\t\t\t\t<\/div>\n\t\t\t\t\t\t<\/div>\n\t\t\t\t\t<\/div>\n\t\t<\/div>\n\t\t\t\t\t\t\t\t<\/div>\n\t\t\t\t\t<\/div>\n\t\t<\/section>\n\t\t\t\t\t\t<\/div>\n\t\t\t\t\t<\/div>\n\t\t<\/div>\n\t\t\t\t\t\t\t\t<\/div>\n\t\t\t\t\t<\/div>\n\t\t<\/section>\n\t\t\t\t\t\t<\/div>\n\t\t\t\t\t\t<\/div>\n\t\t\t\t\t<\/div>\n\t\t","protected":false},"excerpt":{"rendered":"<p>Votre t\u00e9l\u00e9phonie cl\u00e9s en main Experts en t\u00e9l\u00e9phonie d\u2019entreprise, 5IS s\u2019occupe de A \u00e0 Z de l\u2019installation de votre standard t\u00e9l\u00e9phonique. Nous vous accompagnons \u00e9tape par \u00e9tape dans l\u2019\u00e9quipement de votre entreprise, quelle que soit sa taille, selon un processus \u00e9prouv\u00e9 : Audit complet de l\u2019existant Analyse de vos besoins \u00e0 court, moyen et long [&hellip;]<\/p>\n","protected":false},"author":1,"featured_media":0,"parent":0,"menu_order":0,"comment_status":"closed","ping_status":"closed","template":"elementor_header_footer","meta":[],"yoast_head":"<!-- This site is optimized with the Yoast SEO plugin v16.1.1 - https:\/\/yoast.com\/wordpress\/plugins\/seo\/ -->\n<title>T\u00e9l\u00e9phonie IP - 5IS<\/title>\n<link rel=\"canonical\" href=\"https:\/\/dev.5istelecom.fr\/index.php\/telephonie\/\" \/>\n<meta property=\"og:locale\" content=\"fr_FR\" \/>\n<meta property=\"og:type\" content=\"article\" \/>\n<meta property=\"og:title\" content=\"T\u00e9l\u00e9phonie IP - 5IS\" \/>\n<meta property=\"og:description\" content=\"Votre t\u00e9l\u00e9phonie cl\u00e9s en main Experts en t\u00e9l\u00e9phonie d\u2019entreprise, 5IS s\u2019occupe de A \u00e0 Z de l\u2019installation de votre standard t\u00e9l\u00e9phonique. Nous vous accompagnons \u00e9tape par \u00e9tape dans l\u2019\u00e9quipement de votre entreprise, quelle que soit sa taille, selon un processus \u00e9prouv\u00e9 : Audit complet de l\u2019existant Analyse de vos besoins \u00e0 court, moyen et long [&hellip;]\" \/>\n<meta property=\"og:url\" content=\"https:\/\/dev.5istelecom.fr\/index.php\/telephonie\/\" \/>\n<meta property=\"og:site_name\" content=\"5IS\" \/>\n<meta property=\"article:modified_time\" content=\"2021-05-03T06:54:24+00:00\" \/>\n<meta property=\"og:image\" content=\"https:\/\/dev.5istelecom.fr\/wp-content\/uploads\/2021\/03\/study_1.jpg\" \/>\n<meta name=\"twitter:card\" content=\"summary_large_image\" \/>\n<meta name=\"twitter:label1\" content=\"Dur\u00e9e de lecture est.\">\n\t<meta name=\"twitter:data1\" content=\"2 minutes\">\n<script type=\"application\/ld+json\" class=\"yoast-schema-graph\">{\"@context\":\"https:\/\/schema.org\",\"@graph\":[{\"@type\":\"WebSite\",\"@id\":\"https:\/\/dev.5istelecom.fr\/#website\",\"url\":\"https:\/\/dev.5istelecom.fr\/\",\"name\":\"5IS\",\"description\":\"\",\"potentialAction\":[{\"@type\":\"SearchAction\",\"target\":\"https:\/\/dev.5istelecom.fr\/?s={search_term_string}\",\"query-input\":\"required name=search_term_string\"}],\"inLanguage\":\"fr-FR\"},{\"@type\":\"ImageObject\",\"@id\":\"https:\/\/dev.5istelecom.fr\/index.php\/telephonie\/#primaryimage\",\"inLanguage\":\"fr-FR\",\"url\":\"https:\/\/dev.5istelecom.fr\/wp-content\/uploads\/2021\/03\/study_1.jpg\",\"contentUrl\":\"https:\/\/dev.5istelecom.fr\/wp-content\/uploads\/2021\/03\/study_1.jpg\",\"width\":572,\"height\":555},{\"@type\":\"WebPage\",\"@id\":\"https:\/\/dev.5istelecom.fr\/index.php\/telephonie\/#webpage\",\"url\":\"https:\/\/dev.5istelecom.fr\/index.php\/telephonie\/\",\"name\":\"T\\u00e9l\\u00e9phonie IP - 5IS\",\"isPartOf\":{\"@id\":\"https:\/\/dev.5istelecom.fr\/#website\"},\"primaryImageOfPage\":{\"@id\":\"https:\/\/dev.5istelecom.fr\/index.php\/telephonie\/#primaryimage\"},\"datePublished\":\"2021-02-04T14:12:07+00:00\",\"dateModified\":\"2021-05-03T06:54:24+00:00\",\"breadcrumb\":{\"@id\":\"https:\/\/dev.5istelecom.fr\/index.php\/telephonie\/#breadcrumb\"},\"inLanguage\":\"fr-FR\",\"potentialAction\":[{\"@type\":\"ReadAction\",\"target\":[\"https:\/\/dev.5istelecom.fr\/index.php\/telephonie\/\"]}]},{\"@type\":\"BreadcrumbList\",\"@id\":\"https:\/\/dev.5istelecom.fr\/index.php\/telephonie\/#breadcrumb\",\"itemListElement\":[{\"@type\":\"ListItem\",\"position\":1,\"item\":{\"@type\":\"WebPage\",\"@id\":\"https:\/\/dev.5istelecom.fr\/\",\"url\":\"https:\/\/dev.5istelecom.fr\/\",\"name\":\"Accueil\"}},{\"@type\":\"ListItem\",\"position\":2,\"item\":{\"@type\":\"WebPage\",\"@id\":\"https:\/\/dev.5istelecom.fr\/index.php\/telephonie\/\",\"url\":\"https:\/\/dev.5istelecom.fr\/index.php\/telephonie\/\",\"name\":\"T\\u00e9l\\u00e9phonie IP\"}}]}]}<\/script>\n<!-- \/ Yoast SEO plugin. -->","_links":{"self":[{"href":"https:\/\/dev.5istelecom.fr\/index.php\/wp-json\/wp\/v2\/pages\/189"}],"collection":[{"href":"https:\/\/dev.5istelecom.fr\/index.php\/wp-json\/wp\/v2\/pages"}],"about":[{"href":"https:\/\/dev.5istelecom.fr\/index.php\/wp-json\/wp\/v2\/types\/page"}],"author":[{"embeddable":true,"href":"https:\/\/dev.5istelecom.fr\/index.php\/wp-json\/wp\/v2\/users\/1"}],"replies":[{"embeddable":true,"href":"https:\/\/dev.5istelecom.fr\/index.php\/wp-json\/wp\/v2\/comments?post=189"}],"version-history":[{"count":192,"href":"https:\/\/dev.5istelecom.fr\/index.php\/wp-json\/wp\/v2\/pages\/189\/revisions"}],"predecessor-version":[{"id":4020,"href":"https:\/\/dev.5istelecom.fr\/index.php\/wp-json\/wp\/v2\/pages\/189\/revisions\/4020"}],"wp:attachment":[{"href":"https:\/\/dev.5istelecom.fr\/index.php\/wp-json\/wp\/v2\/media?parent=189"}],"curies":[{"name":"wp","href":"https:\/\/api.w.org\/{rel}","templated":true}]}}