{"id":1707,"date":"2021-03-22T16:27:16","date_gmt":"2021-03-22T15:27:16","guid":{"rendered":"https:\/\/dev.5istelecom.fr\/?page_id=1707"},"modified":"2021-11-13T22:37:04","modified_gmt":"2021-11-13T21:37:04","slug":"serveur-vocal-interactif","status":"publish","type":"page","link":"https:\/\/dev.5istelecom.fr\/index.php\/serveur-vocal-interactif\/","title":{"rendered":"Serveur vocal interactif"},"content":{"rendered":"\t\t<div data-elementor-type=\"wp-page\" data-elementor-id=\"1707\" class=\"elementor elementor-1707\" data-elementor-settings=\"[]\">\n\t\t\t\t\t\t<div class=\"elementor-inner\">\n\t\t\t\t\t\t\t<div class=\"elementor-section-wrap\">\n\t\t\t\t\t\t\t<section class=\"elementor-section elementor-top-section elementor-element elementor-element-a2c9d52 elementor-section-height-min-height elementor-section-content-middle elementor-section-boxed elementor-section-height-default elementor-section-items-middle\" data-id=\"a2c9d52\" data-element_type=\"section\" data-settings=\"{&quot;background_background&quot;:&quot;classic&quot;}\">\n\t\t\t\t\t\t<div class=\"elementor-container elementor-column-gap-default\">\n\t\t\t\t\t\t\t<div class=\"elementor-row\">\n\t\t\t\t\t<div class=\"elementor-column elementor-col-100 elementor-top-column elementor-element elementor-element-1eb920f\" data-id=\"1eb920f\" data-element_type=\"column\">\n\t\t\t<div class=\"elementor-column-wrap elementor-element-populated\">\n\t\t\t\t\t\t\t<div class=\"elementor-widget-wrap\">\n\t\t\t\t\t\t<section class=\"elementor-section elementor-inner-section elementor-element elementor-element-0477477 elementor-section-boxed elementor-section-height-default elementor-section-height-default\" data-id=\"0477477\" data-element_type=\"section\">\n\t\t\t\t\t\t<div class=\"elementor-container elementor-column-gap-default\">\n\t\t\t\t\t\t\t<div class=\"elementor-row\">\n\t\t\t\t\t<div class=\"elementor-column elementor-col-100 elementor-inner-column elementor-element elementor-element-0d494c2\" data-id=\"0d494c2\" data-element_type=\"column\">\n\t\t\t<div class=\"elementor-column-wrap elementor-element-populated\">\n\t\t\t\t\t\t\t<div class=\"elementor-widget-wrap\">\n\t\t\t\t\t\t<div class=\"elementor-element elementor-element-68c85cc elementor-widget elementor-widget-heading\" data-id=\"68c85cc\" data-element_type=\"widget\" data-widget_type=\"heading.default\">\n\t\t\t\t<div class=\"elementor-widget-container\">\n\t\t\t<h2 class=\"elementor-heading-title elementor-size-default\">Serveur Vocal Interactif : <\/h2>\t\t<\/div>\n\t\t\t\t<\/div>\n\t\t\t\t<div class=\"elementor-element elementor-element-9a9e51f elementor-widget elementor-widget-heading\" data-id=\"9a9e51f\" data-element_type=\"widget\" data-widget_type=\"heading.default\">\n\t\t\t\t<div class=\"elementor-widget-container\">\n\t\t\t<h3 class=\"elementor-heading-title elementor-size-large\">la r\u00e9partition efficace de vos appels<\/h3>\t\t<\/div>\n\t\t\t\t<\/div>\n\t\t\t\t\t\t<\/div>\n\t\t\t\t\t<\/div>\n\t\t<\/div>\n\t\t\t\t\t\t\t\t<\/div>\n\t\t\t\t\t<\/div>\n\t\t<\/section>\n\t\t\t\t\t\t<\/div>\n\t\t\t\t\t<\/div>\n\t\t<\/div>\n\t\t\t\t\t\t\t\t<\/div>\n\t\t\t\t\t<\/div>\n\t\t<\/section>\n\t\t\t\t<section class=\"elementor-section elementor-top-section elementor-element elementor-element-6e6a84d elementor-section-content-middle elementor-section-boxed elementor-section-height-default elementor-section-height-default\" data-id=\"6e6a84d\" data-element_type=\"section\">\n\t\t\t\t\t\t<div class=\"elementor-container elementor-column-gap-no\">\n\t\t\t\t\t\t\t<div class=\"elementor-row\">\n\t\t\t\t\t<div class=\"elementor-column elementor-col-33 elementor-top-column elementor-element elementor-element-e052542\" data-id=\"e052542\" data-element_type=\"column\">\n\t\t\t<div class=\"elementor-column-wrap elementor-element-populated\">\n\t\t\t\t\t\t\t<div class=\"elementor-widget-wrap\">\n\t\t\t\t\t\t<div class=\"elementor-element elementor-element-d62556b elementor-widget elementor-widget-image\" data-id=\"d62556b\" data-element_type=\"widget\" data-widget_type=\"image.default\">\n\t\t\t\t<div class=\"elementor-widget-container\">\n\t\t\t\t\t<div class=\"elementor-image\">\n\t\t\t\t\t\t\t\t\t\t<img width=\"800\" height=\"800\" src=\"https:\/\/dev.5istelecom.fr\/wp-content\/uploads\/2021\/11\/svi-accueil-personnalise-1-1024x1024.png\" class=\"attachment-large size-large\" alt=\"\" loading=\"lazy\" srcset=\"https:\/\/dev.5istelecom.fr\/wp-content\/uploads\/2021\/11\/svi-accueil-personnalise-1-1024x1024.png 1024w, https:\/\/dev.5istelecom.fr\/wp-content\/uploads\/2021\/11\/svi-accueil-personnalise-1-300x300.png 300w, https:\/\/dev.5istelecom.fr\/wp-content\/uploads\/2021\/11\/svi-accueil-personnalise-1-150x150.png 150w, https:\/\/dev.5istelecom.fr\/wp-content\/uploads\/2021\/11\/svi-accueil-personnalise-1-768x768.png 768w, https:\/\/dev.5istelecom.fr\/wp-content\/uploads\/2021\/11\/svi-accueil-personnalise-1-1536x1536.png 1536w, https:\/\/dev.5istelecom.fr\/wp-content\/uploads\/2021\/11\/svi-accueil-personnalise-1-2048x2048.png 2048w\" sizes=\"(max-width: 800px) 100vw, 800px\" \/>\t\t\t\t\t\t\t\t\t\t\t<\/div>\n\t\t\t\t<\/div>\n\t\t\t\t<\/div>\n\t\t\t\t\t\t<\/div>\n\t\t\t\t\t<\/div>\n\t\t<\/div>\n\t\t\t\t<div class=\"elementor-column elementor-col-33 elementor-top-column elementor-element elementor-element-eaacafb\" data-id=\"eaacafb\" data-element_type=\"column\">\n\t\t\t<div class=\"elementor-column-wrap\">\n\t\t\t\t\t\t\t<div class=\"elementor-widget-wrap\">\n\t\t\t\t\t\t\t\t<\/div>\n\t\t\t\t\t<\/div>\n\t\t<\/div>\n\t\t\t\t<div class=\"elementor-column elementor-col-33 elementor-top-column elementor-element elementor-element-237d583\" data-id=\"237d583\" data-element_type=\"column\">\n\t\t\t<div class=\"elementor-column-wrap elementor-element-populated\">\n\t\t\t\t\t\t\t<div class=\"elementor-widget-wrap\">\n\t\t\t\t\t\t<div class=\"elementor-element elementor-element-81ff289 elementor-widget elementor-widget-heading\" data-id=\"81ff289\" data-element_type=\"widget\" data-widget_type=\"heading.default\">\n\t\t\t\t<div class=\"elementor-widget-container\">\n\t\t\t<h2 class=\"elementor-heading-title elementor-size-default\">Accueil t\u00e9l\u00e9phonique personnalis\u00e9<\/h2>\t\t<\/div>\n\t\t\t\t<\/div>\n\t\t\t\t<div class=\"elementor-element elementor-element-489ab3d elementor-widget elementor-widget-text-editor\" data-id=\"489ab3d\" data-element_type=\"widget\" data-widget_type=\"text-editor.default\">\n\t\t\t\t<div class=\"elementor-widget-container\">\n\t\t\t\t\t<div class=\"elementor-text-editor elementor-clearfix\"><p>Guidez vos clients gr\u00e2ce \u00e0 un menu vocal personnalis\u00e9.\u00a0<span style=\"background-color: rgba(240, 240, 240, 0); font-family: var( --e-global-typography-text-font-family ), Sans-serif; font-weight: var( --e-global-typography-text-font-weight );\">Gagnez du temps en optimisant le trajet de vos clients selon leurs besoins afin d&#8217;\u00e9viter des conversations improductives.<\/span><\/p><\/div>\n\t\t\t\t<\/div>\n\t\t\t\t<\/div>\n\t\t\t\t\t\t<\/div>\n\t\t\t\t\t<\/div>\n\t\t<\/div>\n\t\t\t\t\t\t\t\t<\/div>\n\t\t\t\t\t<\/div>\n\t\t<\/section>\n\t\t\t\t<section class=\"elementor-section elementor-top-section elementor-element elementor-element-6510d5b elementor-section-content-middle elementor-section-boxed elementor-section-height-default elementor-section-height-default\" data-id=\"6510d5b\" data-element_type=\"section\">\n\t\t\t\t\t\t<div class=\"elementor-container elementor-column-gap-no\">\n\t\t\t\t\t\t\t<div class=\"elementor-row\">\n\t\t\t\t\t<div class=\"elementor-column elementor-col-33 elementor-top-column elementor-element elementor-element-e213f77\" data-id=\"e213f77\" data-element_type=\"column\">\n\t\t\t<div class=\"elementor-column-wrap elementor-element-populated\">\n\t\t\t\t\t\t\t<div class=\"elementor-widget-wrap\">\n\t\t\t\t\t\t<div class=\"elementor-element elementor-element-db9d56b elementor-widget elementor-widget-heading\" data-id=\"db9d56b\" data-element_type=\"widget\" data-widget_type=\"heading.default\">\n\t\t\t\t<div class=\"elementor-widget-container\">\n\t\t\t<h2 class=\"elementor-heading-title elementor-size-default\">Am\u00e9liorez le service client<\/h2>\t\t<\/div>\n\t\t\t\t<\/div>\n\t\t\t\t<div class=\"elementor-element elementor-element-0e7d5a6 elementor-widget elementor-widget-text-editor\" data-id=\"0e7d5a6\" data-element_type=\"widget\" data-widget_type=\"text-editor.default\">\n\t\t\t\t<div class=\"elementor-widget-container\">\n\t\t\t\t\t<div class=\"elementor-text-editor elementor-clearfix\"><p>L&#8217;utilisation d&#8217;un serveur vocal interactif permet d&#8217;optimiser la gestion de vos appels entrants. Tous vos appels sont pris en charge, la redirection est efficace et le d\u00e9lai d&#8217;attente de vos clients est raccourci afin de garantir leur satisfaction.<\/p><\/div>\n\t\t\t\t<\/div>\n\t\t\t\t<\/div>\n\t\t\t\t\t\t<\/div>\n\t\t\t\t\t<\/div>\n\t\t<\/div>\n\t\t\t\t<div class=\"elementor-column elementor-col-33 elementor-top-column elementor-element elementor-element-8293d4a\" data-id=\"8293d4a\" data-element_type=\"column\">\n\t\t\t<div class=\"elementor-column-wrap\">\n\t\t\t\t\t\t\t<div class=\"elementor-widget-wrap\">\n\t\t\t\t\t\t\t\t<\/div>\n\t\t\t\t\t<\/div>\n\t\t<\/div>\n\t\t\t\t<div class=\"elementor-column elementor-col-33 elementor-top-column elementor-element elementor-element-bc3d826\" data-id=\"bc3d826\" data-element_type=\"column\">\n\t\t\t<div class=\"elementor-column-wrap elementor-element-populated\">\n\t\t\t\t\t\t\t<div class=\"elementor-widget-wrap\">\n\t\t\t\t\t\t<div class=\"elementor-element elementor-element-10336c5 elementor-widget elementor-widget-image\" data-id=\"10336c5\" data-element_type=\"widget\" data-widget_type=\"image.default\">\n\t\t\t\t<div class=\"elementor-widget-container\">\n\t\t\t\t\t<div class=\"elementor-image\">\n\t\t\t\t\t\t\t\t\t\t<img width=\"800\" height=\"500\" src=\"https:\/\/dev.5istelecom.fr\/wp-content\/uploads\/2021\/10\/svi-service-client-1024x640.png\" class=\"attachment-large size-large\" alt=\"\" loading=\"lazy\" srcset=\"https:\/\/dev.5istelecom.fr\/wp-content\/uploads\/2021\/10\/svi-service-client-1024x640.png 1024w, https:\/\/dev.5istelecom.fr\/wp-content\/uploads\/2021\/10\/svi-service-client-300x188.png 300w, https:\/\/dev.5istelecom.fr\/wp-content\/uploads\/2021\/10\/svi-service-client-768x480.png 768w, https:\/\/dev.5istelecom.fr\/wp-content\/uploads\/2021\/10\/svi-service-client-1536x960.png 1536w, https:\/\/dev.5istelecom.fr\/wp-content\/uploads\/2021\/10\/svi-service-client.png 2000w\" sizes=\"(max-width: 800px) 100vw, 800px\" \/>\t\t\t\t\t\t\t\t\t\t\t<\/div>\n\t\t\t\t<\/div>\n\t\t\t\t<\/div>\n\t\t\t\t\t\t<\/div>\n\t\t\t\t\t<\/div>\n\t\t<\/div>\n\t\t\t\t\t\t\t\t<\/div>\n\t\t\t\t\t<\/div>\n\t\t<\/section>\n\t\t\t\t<section class=\"elementor-section elementor-top-section elementor-element elementor-element-b59c4b8 elementor-section-content-middle elementor-section-boxed elementor-section-height-default elementor-section-height-default\" data-id=\"b59c4b8\" data-element_type=\"section\">\n\t\t\t\t\t\t<div class=\"elementor-container elementor-column-gap-no\">\n\t\t\t\t\t\t\t<div class=\"elementor-row\">\n\t\t\t\t\t<div class=\"elementor-column elementor-col-33 elementor-top-column elementor-element elementor-element-9b445f8\" data-id=\"9b445f8\" data-element_type=\"column\">\n\t\t\t<div class=\"elementor-column-wrap elementor-element-populated\">\n\t\t\t\t\t\t\t<div class=\"elementor-widget-wrap\">\n\t\t\t\t\t\t<div class=\"elementor-element elementor-element-0d2a264 elementor-widget elementor-widget-image\" data-id=\"0d2a264\" data-element_type=\"widget\" data-widget_type=\"image.default\">\n\t\t\t\t<div class=\"elementor-widget-container\">\n\t\t\t\t\t<div class=\"elementor-image\">\n\t\t\t\t\t\t\t\t\t\t<img width=\"800\" height=\"534\" src=\"https:\/\/dev.5istelecom.fr\/wp-content\/uploads\/2021\/10\/svi-productivite-1-1024x683.png\" class=\"attachment-large size-large\" alt=\"\" loading=\"lazy\" srcset=\"https:\/\/dev.5istelecom.fr\/wp-content\/uploads\/2021\/10\/svi-productivite-1-1024x683.png 1024w, https:\/\/dev.5istelecom.fr\/wp-content\/uploads\/2021\/10\/svi-productivite-1-300x200.png 300w, https:\/\/dev.5istelecom.fr\/wp-content\/uploads\/2021\/10\/svi-productivite-1-768x512.png 768w, https:\/\/dev.5istelecom.fr\/wp-content\/uploads\/2021\/10\/svi-productivite-1-1536x1024.png 1536w, https:\/\/dev.5istelecom.fr\/wp-content\/uploads\/2021\/10\/svi-productivite-1-2048x1365.png 2048w\" sizes=\"(max-width: 800px) 100vw, 800px\" \/>\t\t\t\t\t\t\t\t\t\t\t<\/div>\n\t\t\t\t<\/div>\n\t\t\t\t<\/div>\n\t\t\t\t\t\t<\/div>\n\t\t\t\t\t<\/div>\n\t\t<\/div>\n\t\t\t\t<div class=\"elementor-column elementor-col-33 elementor-top-column elementor-element elementor-element-d518a08\" data-id=\"d518a08\" data-element_type=\"column\">\n\t\t\t<div class=\"elementor-column-wrap\">\n\t\t\t\t\t\t\t<div class=\"elementor-widget-wrap\">\n\t\t\t\t\t\t\t\t<\/div>\n\t\t\t\t\t<\/div>\n\t\t<\/div>\n\t\t\t\t<div class=\"elementor-column elementor-col-33 elementor-top-column elementor-element elementor-element-bb2572c\" data-id=\"bb2572c\" data-element_type=\"column\">\n\t\t\t<div class=\"elementor-column-wrap elementor-element-populated\">\n\t\t\t\t\t\t\t<div class=\"elementor-widget-wrap\">\n\t\t\t\t\t\t<div class=\"elementor-element elementor-element-cfe55d4 elementor-widget elementor-widget-heading\" data-id=\"cfe55d4\" data-element_type=\"widget\" data-widget_type=\"heading.default\">\n\t\t\t\t<div class=\"elementor-widget-container\">\n\t\t\t<h2 class=\"elementor-heading-title elementor-size-default\">Augmentez votre productivit\u00e9<\/h2>\t\t<\/div>\n\t\t\t\t<\/div>\n\t\t\t\t<div class=\"elementor-element elementor-element-8a5cabf elementor-widget elementor-widget-text-editor\" data-id=\"8a5cabf\" data-element_type=\"widget\" data-widget_type=\"text-editor.default\">\n\t\t\t\t<div class=\"elementor-widget-container\">\n\t\t\t\t\t<div class=\"elementor-text-editor elementor-clearfix\"><p><span style=\"background-color: rgba(240, 240, 240, 0); font-family: var( --e-global-typography-text-font-family ), Sans-serif; font-weight: var( --e-global-typography-text-font-weight );\">En redirigeant automatiquement vos clients vers le bon destinataire, le SVI \u00e9vite \u00e0 vos collaborateurs d&#8217;effectuer des transferts d&#8217;appels. Vos clients n&#8217;ont plus \u00e0 patienter et vos collaborateurs profitent d&#8217;un gain de temps et d&#8217;efficacit\u00e9 consid\u00e9rable.<\/span><\/p><\/div>\n\t\t\t\t<\/div>\n\t\t\t\t<\/div>\n\t\t\t\t\t\t<\/div>\n\t\t\t\t\t<\/div>\n\t\t<\/div>\n\t\t\t\t\t\t\t\t<\/div>\n\t\t\t\t\t<\/div>\n\t\t<\/section>\n\t\t\t\t\t\t<\/div>\n\t\t\t\t\t\t<\/div>\n\t\t\t\t\t<\/div>\n\t\t","protected":false},"excerpt":{"rendered":"<p>Serveur Vocal Interactif : la r\u00e9partition efficace de vos appels Accueil t\u00e9l\u00e9phonique personnalis\u00e9 Guidez vos clients gr\u00e2ce \u00e0 un menu vocal personnalis\u00e9.\u00a0Gagnez du temps en optimisant le trajet de vos clients selon leurs besoins afin d&#8217;\u00e9viter des conversations improductives. Am\u00e9liorez le service client L&#8217;utilisation d&#8217;un serveur vocal interactif permet d&#8217;optimiser la gestion de vos appels [&hellip;]<\/p>\n","protected":false},"author":1,"featured_media":0,"parent":0,"menu_order":0,"comment_status":"closed","ping_status":"closed","template":"elementor_header_footer","meta":[],"yoast_head":"<!-- This site is optimized with the Yoast SEO plugin v16.1.1 - https:\/\/yoast.com\/wordpress\/plugins\/seo\/ -->\n<title>Serveur vocal interactif - 5IS<\/title>\n<link rel=\"canonical\" href=\"https:\/\/dev.5istelecom.fr\/index.php\/serveur-vocal-interactif\/\" \/>\n<meta property=\"og:locale\" content=\"fr_FR\" \/>\n<meta property=\"og:type\" content=\"article\" \/>\n<meta property=\"og:title\" content=\"Serveur vocal interactif - 5IS\" \/>\n<meta property=\"og:description\" content=\"Serveur Vocal Interactif : la r\u00e9partition efficace de vos appels Accueil t\u00e9l\u00e9phonique personnalis\u00e9 Guidez vos clients gr\u00e2ce \u00e0 un menu vocal personnalis\u00e9.\u00a0Gagnez du temps en optimisant le trajet de vos clients selon leurs besoins afin d&#8217;\u00e9viter des conversations improductives. Am\u00e9liorez le service client L&#8217;utilisation d&#8217;un serveur vocal interactif permet d&#8217;optimiser la gestion de vos appels [&hellip;]\" \/>\n<meta property=\"og:url\" content=\"https:\/\/dev.5istelecom.fr\/index.php\/serveur-vocal-interactif\/\" \/>\n<meta property=\"og:site_name\" content=\"5IS\" \/>\n<meta property=\"article:modified_time\" content=\"2021-11-13T21:37:04+00:00\" \/>\n<meta property=\"og:image\" content=\"https:\/\/dev.5istelecom.fr\/wp-content\/uploads\/2021\/11\/svi-accueil-personnalise-1-1024x1024.png\" \/>\n<meta name=\"twitter:card\" content=\"summary_large_image\" \/>\n<meta name=\"twitter:label1\" content=\"Dur\u00e9e de lecture est.\">\n\t<meta name=\"twitter:data1\" content=\"2 minutes\">\n<script type=\"application\/ld+json\" class=\"yoast-schema-graph\">{\"@context\":\"https:\/\/schema.org\",\"@graph\":[{\"@type\":\"WebSite\",\"@id\":\"https:\/\/dev.5istelecom.fr\/#website\",\"url\":\"https:\/\/dev.5istelecom.fr\/\",\"name\":\"5IS\",\"description\":\"\",\"potentialAction\":[{\"@type\":\"SearchAction\",\"target\":\"https:\/\/dev.5istelecom.fr\/?s={search_term_string}\",\"query-input\":\"required name=search_term_string\"}],\"inLanguage\":\"fr-FR\"},{\"@type\":\"ImageObject\",\"@id\":\"https:\/\/dev.5istelecom.fr\/index.php\/serveur-vocal-interactif\/#primaryimage\",\"inLanguage\":\"fr-FR\",\"url\":\"https:\/\/dev.5istelecom.fr\/wp-content\/uploads\/2021\/11\/svi-accueil-personnalise-1.png\",\"contentUrl\":\"https:\/\/dev.5istelecom.fr\/wp-content\/uploads\/2021\/11\/svi-accueil-personnalise-1.png\",\"width\":3710,\"height\":3710},{\"@type\":\"WebPage\",\"@id\":\"https:\/\/dev.5istelecom.fr\/index.php\/serveur-vocal-interactif\/#webpage\",\"url\":\"https:\/\/dev.5istelecom.fr\/index.php\/serveur-vocal-interactif\/\",\"name\":\"Serveur vocal interactif - 5IS\",\"isPartOf\":{\"@id\":\"https:\/\/dev.5istelecom.fr\/#website\"},\"primaryImageOfPage\":{\"@id\":\"https:\/\/dev.5istelecom.fr\/index.php\/serveur-vocal-interactif\/#primaryimage\"},\"datePublished\":\"2021-03-22T15:27:16+00:00\",\"dateModified\":\"2021-11-13T21:37:04+00:00\",\"breadcrumb\":{\"@id\":\"https:\/\/dev.5istelecom.fr\/index.php\/serveur-vocal-interactif\/#breadcrumb\"},\"inLanguage\":\"fr-FR\",\"potentialAction\":[{\"@type\":\"ReadAction\",\"target\":[\"https:\/\/dev.5istelecom.fr\/index.php\/serveur-vocal-interactif\/\"]}]},{\"@type\":\"BreadcrumbList\",\"@id\":\"https:\/\/dev.5istelecom.fr\/index.php\/serveur-vocal-interactif\/#breadcrumb\",\"itemListElement\":[{\"@type\":\"ListItem\",\"position\":1,\"item\":{\"@type\":\"WebPage\",\"@id\":\"https:\/\/dev.5istelecom.fr\/\",\"url\":\"https:\/\/dev.5istelecom.fr\/\",\"name\":\"Accueil\"}},{\"@type\":\"ListItem\",\"position\":2,\"item\":{\"@type\":\"WebPage\",\"@id\":\"https:\/\/dev.5istelecom.fr\/index.php\/serveur-vocal-interactif\/\",\"url\":\"https:\/\/dev.5istelecom.fr\/index.php\/serveur-vocal-interactif\/\",\"name\":\"Serveur vocal interactif\"}}]}]}<\/script>\n<!-- \/ Yoast SEO plugin. -->","_links":{"self":[{"href":"https:\/\/dev.5istelecom.fr\/index.php\/wp-json\/wp\/v2\/pages\/1707"}],"collection":[{"href":"https:\/\/dev.5istelecom.fr\/index.php\/wp-json\/wp\/v2\/pages"}],"about":[{"href":"https:\/\/dev.5istelecom.fr\/index.php\/wp-json\/wp\/v2\/types\/page"}],"author":[{"embeddable":true,"href":"https:\/\/dev.5istelecom.fr\/index.php\/wp-json\/wp\/v2\/users\/1"}],"replies":[{"embeddable":true,"href":"https:\/\/dev.5istelecom.fr\/index.php\/wp-json\/wp\/v2\/comments?post=1707"}],"version-history":[{"count":211,"href":"https:\/\/dev.5istelecom.fr\/index.php\/wp-json\/wp\/v2\/pages\/1707\/revisions"}],"predecessor-version":[{"id":4191,"href":"https:\/\/dev.5istelecom.fr\/index.php\/wp-json\/wp\/v2\/pages\/1707\/revisions\/4191"}],"wp:attachment":[{"href":"https:\/\/dev.5istelecom.fr\/index.php\/wp-json\/wp\/v2\/media?parent=1707"}],"curies":[{"name":"wp","href":"https:\/\/api.w.org\/{rel}","templated":true}]}}